{"id":885,"date":"2022-05-01T12:58:05","date_gmt":"2022-05-01T10:58:05","guid":{"rendered":"http:\/\/modilingua.local\/?page_id=885"},"modified":"2026-04-07T11:40:39","modified_gmt":"2026-04-07T09:40:39","slug":"privacy","status":"publish","type":"page","link":"https:\/\/modilingua.com\/de\/datenschutz\/","title":{"rendered":"Datenschutzerkl\u00e4rung"},"content":{"rendered":"<div class=\"wp-block-columns are-vertically-aligned-bottom is-layout-flex wp-container-core-columns-is-layout-e477a36d wp-block-columns-is-layout-flex\" style=\"padding-bottom:var(--wp--preset--spacing--60)\">\n<div class=\"wp-block-column is-vertically-aligned-bottom is-layout-flow wp-block-column-is-layout-flow\">\n<h1 id=\"privacy-policy\" class=\"wp-block-heading\" style=\"line-height:1.3\"><strong>Datenschutzerkl\u00e4rung<\/strong><\/h1>\n<\/div>\n\n\n\n<div class=\"wp-block-column is-vertically-aligned-bottom is-layout-flow wp-block-column-is-layout-flow\"><\/div>\n<\/div>\n\n\n\n<figure class=\"wp-block-image aligncenter size-large\"><img loading=\"lazy\" decoding=\"async\" width=\"1024\" height=\"861\" src=\"https:\/\/modilingua.com\/wp-content\/uploads\/2023\/07\/undraw_gdpr_3xfb-1024x861.png\" alt=\"EU-Datenschutz-Illustration\" class=\"wp-image-1771\" srcset=\"\" sizes=\"auto, (max-width: 1024px) 100vw, 1024px\" data-srcset=\"\" \/><\/figure>\n\n\n\n<p><strong>Zuletzt aktualisiert: 07.04.2026<\/strong><\/p>\n\n\n\n<p>Diese Datenschutzerkl\u00e4rung beschreibt, wie Ihre pers\u00f6nlichen Informationen gesammelt, verwendet und geteilt werden, wenn Sie modilingua.com besuchen (die \u201eWebsite\u201c).&nbsp;<\/p>\n\n\n\n<h2 id=\"controller\" class=\"wp-block-heading\">VERANTWORTLICHE<\/h2>\n\n\n\n<p>Die f\u00fcr die Datenerhebung und Datenverarbeitung auf dieser Website nach Datenschutzrecht Verantwortliche ist:<\/p>\n\n\n\n<p>Jenna Brinning<br>Kolonnenstra\u00dfe 8<br>D-10827 Berlin<br>office at modilingua.com<\/p>\n\n\n\n<p>Neben dem Betreiber dieser Website sind auch dessen jeweilige Kooperationspartner datenschutzrechtlich f\u00fcr einige der unten genannten Datenverarbeitungen gemeinsam verantwortlich. Sie k\u00f6nnen daher einige Rechte auch direkt gegen\u00fcber dem jeweiligen Kooperationspartner aus\u00fcben. Entsprechende Informationen hierzu finden Sie an der entsprechenden Stelle in dieser Datenschutzerkl\u00e4rung.<\/p>\n\n\n\n<h2 id=\"web-hoster\" class=\"wp-block-heading\">WEB HOSTER<\/h2>\n\n\n\n<p>Diese Website wird auf Server-Systemen betrieben von HOSTINGER, UAB, einer Gesellschaft mit beschr\u00e4nkter Haftung nach litauischem Recht, Code 302710386, gesetzlicher Sitz: Jonavos g. 60C, LT-44192 Kaunas, Republik Litauen. Die europ\u00e4ischen Server von Hostinger befinden sich in Litauen, Frankreich, Holland und dem Vereinigten K\u00f6nigreich. Als Kunde von Hostinger geben wir keine pers\u00f6nlichen Daten \u00fcber Ihren Besuch auf unserer Website direkt an Hostinger weiter. Allerdings k\u00f6nnte Hostinger im Rahmen von Wartungsarbeiten potenziell Zugang zu \u201eNutzerdaten von Nutzern\u201c wie IP-Adressen erhalten. Hostinger verarbeitet alle derart beauftragten personenbezogenen Daten gem\u00e4\u00df der Datenschutz-Grundverordnung (EU) 2016\/679 (\u201eGDPR\u201c).<\/p>\n\n\n\n<p>Hostinger ist erreichbar unter gdpr@hostinger.com.<\/p>\n\n\n\n<h2 id=\"personal-information-we-collect\" class=\"wp-block-heading\"><strong>ERHEBUNG PERSONENBEZOGENER DATEN<\/strong><\/h2>\n\n\n\n<p>Wenn Sie die Website besuchen, sammeln wir automatisch bestimmte Informationen \u00fcber Ihr Ger\u00e4t, einschlie\u00dflich Informationen \u00fcber Ihren Webbrowser, IP-Adresse, Zeitzone und einige der Cookies, die auf Ihrem Ger\u00e4t installiert sind. Au\u00dferdem sammeln wir Informationen \u00fcber die einzelnen Webseiten, die Sie ansehen, welche Websites oder Suchbegriffe Sie auf die Website verwiesen haben, und Informationen dar\u00fcber, wie Sie mit der Website interagieren. Wir bezeichnen diese automatisch gesammelten Informationen als \u201eGer\u00e4teinformationen\u201c.<\/p>\n\n\n\n<p>Wir sammeln Ger\u00e4teinformationen mithilfe der folgenden Technologien:<\/p>\n\n\n\n<p>\u2013 \u201eCookies\u201c sind Datendateien, die auf Ihrem Ger\u00e4t oder Computer platziert werden und oft einen anonymen einzigartigen Identifikator enthalten. Weitere Informationen \u00fcber Cookies und wie Sie Cookies deaktivieren k\u00f6nnen, finden Sie unter allaboutcookies.org.<br>\u2013 \u201eLog-Dateien\u201c verfolgen Aktivit\u00e4ten auf der Website und sammeln Daten einschlie\u00dflich Ihrer IP-Adresse, Browsertyp, Internetanbieter, Referrer-\/Exit-Seiten und Zeitstempel.<br>\u2013 \u201eWeb-Beacons\u201c, \u201eTags\u201c und \u201ePixel\u201c sind elektronische Dateien, die dazu verwendet werden, Informationen dar\u00fcber aufzuzeichnen, wie Sie die Website durchsuchen.<\/p>\n\n\n\n<p>Wenn Sie uns freiwillig pers\u00f6nliche Informationen \u00fcber unser Kontaktformular oder die Kommentarfunktion unseres Blogs zur Verf\u00fcgung stellen, sammeln wir diese Informationen von Ihnen, einschlie\u00dflich Ihres Vor- und Nachnamens, Ihrer E-Mail-Adresse, Ihrer URL und\/oder Ihrer Telefonnummer. Wir bezeichnen diese Informationen als \u201efreiwillig \u00fcbermittelte Informationen\u201c.<\/p>\n\n\n\n<p>Wenn wir in dieser Datenschutzerkl\u00e4rung von \u201ePers\u00f6nlichen Informationen\u201c sprechen, meinen wir sowohl Ger\u00e4teinformationen als auch freiwillig \u00fcbermittelte Informationen.<\/p>\n\n\n\n<h3 id=\"vg-wort-metrics\" class=\"wp-block-heading\">VG Wort Z\u00e4hlpixel<\/h3>\n\n\n\n<p>Wir setzen \u201eSession-Cookies\u201c der Verwertungsgesellschaft Wort (VG Wort), M\u00fcnchen, zur Messung von Zugriffen auf Texten ein, um die Kopierwahrscheinlichkeit zu erfassen. Session-Cookies sind kleine Informationseinheiten, die ein Anbieter im Arbeitsspeicher des Computers des Besuchers speichert. In einem Session-Cookie wird eine zuf\u00e4llig erzeugte eindeutige Identifikationsnummer abgelegt, eine sogenannte Session-ID. Au\u00dferdem enth\u00e4lt ein Cookie die Angabe \u00fcber seine Herkunft und die Speicherfrist. Session-Cookies k\u00f6nnen keine anderen Daten speichern. Diese Messungen werden von der Kantar Deutschland GmbH nach dem Skalierbaren Zentralen Messverfahren (SZM) durchgef\u00fchrt. Sie helfen dabei, die Kopierwahrscheinlichkeit einzelner Texte zur Verg\u00fctung von gesetzlichen Anspr\u00fcchen von Autoren und Verlagen zu ermitteln. Wir erfassen keine personenbezogenen Daten \u00fcber Cookies.<\/p>\n\n\n\n<p>Einige unserer Seiten sind mit JavaScript-Aufrufen versehen, \u00fcber die wir die Zugriffe an die VG Wort melden. Wir erm\u00f6glichen damit, dass wir als Autoren an den Aussch\u00fcttungen der VG Wort partizipieren, die die gesetzliche Verg\u00fctung f\u00fcr die Nutzungen urheberrechtlich gesch\u00fctzter Werke gem. \u00a7 53 UrhG sicherstellen.<\/p>\n\n\n\n<h3 id=\"scalable-central-measurement-system-privacy-policy\" class=\"wp-block-heading\">Datenschutzerkl\u00e4rung zum Skalierbaren Zentralen Messverfahren<\/h3>\n\n\n\n<p>Unsere Website nutzt das \u201eSkalierbare Zentrale Messverfahren\u201c (SZM) der Kantar Deutschland GmbH, um statistische Parameter zur Bestimmung der Kopierwahrscheinlichkeit von Texten zu ermitteln.<\/p>\n\n\n\n<p>Dabei werden anonyme Messwerte erhoben. Die Zugriffszahlenmessung verwendet zur Wiedererkennung von Computersystemen alternativ ein Session-Cookie oder eine Signatur, die aus verschiedenen automatisch \u00fcbertragenen Informationen Ihres Browsers erstellt wird. IP-Adressen werden nur in anonymisierter Form verarbeitet.<\/p>\n\n\n\n<p>Das Verfahren wurde unter der Beachtung des Datenschutzes entwickelt. Einziges Ziel des Verfahrens ist es, die Kopierwahrscheinlichkeit einzelner Texte zu ermitteln.<\/p>\n\n\n\n<p>Zu keinem Zeitpunkt werden einzelne Nutzer identifiziert. Ihre Identit\u00e4t bleibt immer gesch\u00fctzt. Sie erhalten \u00fcber das System keine Werbung.<\/p>\n\n\n\n<h2 id=\"how-we-use-your-personal-information\" class=\"wp-block-heading\"><strong>VERWENDUNG PERS\u00d6NLICHER DATEN<\/strong><\/h2>\n\n\n\n<p>Wir verwenden Ihre freiwillig \u00fcbermittelten Informationen, um:<\/p>\n\n\n\n<p>\u2013 auf Anfragen zu reagieren, die Sie \u00fcber die Website gestellt haben;<br>\u2013 mit Ihnen zu kommunizieren;<br>\u2013 Ihnen Informationen \u00fcber unsere Dienstleistungen bereitzustellen.<\/p>\n\n\n\n<p>Wir verwenden die von uns gesammelten Ger\u00e4teinformationen, um potenzielle Risiken und Betrug zu ermitteln (insbesondere Ihre IP-Adresse) und allgemein, um unsere Website zu verbessern und zu optimieren (zum Beispiel durch die Erstellung von Analysen dar\u00fcber, wie unsere Besucher die Website durchsuchen und mit ihr interagieren, und um den Erfolg unserer Marketingkampagnen zu bewerten).<\/p>\n\n\n\n<h2 id=\"sharing-your-personal-information\" class=\"wp-block-heading\"><strong>WEITERGABE PERS\u00d6NLICHER DATEN<\/strong><\/h2>\n\n\n\n<p>Ihre pers\u00f6nlichen Daten k\u00f6nnen mit Dritten geteilt werden, um uns zu helfen, Ihre pers\u00f6nlichen Daten wie oben beschrieben zu verwenden. Zum Beispiel nutzen wir Google Analytics 4, um zu verstehen, wie unsere Besucher die Website nutzen. Mehr dar\u00fcber, wie Google Ihre pers\u00f6nlichen Daten verwendet, k\u00f6nnen Sie hier nachlesen: https:\/\/www.google.com\/intl\/de\/policies\/privacy\/. Google bietet Informationen zu Widerspruchs- und Kontrollm\u00f6glichkeiten unter https:\/\/policies.google.com\/technologies\/partner-sites.<\/p>\n\n\n\n<p>Wir verarbeiten auch Ihre Anfrage f\u00fcr Telefon- oder Videokonsultationen \u00fcber ein Drittanbieter-Plugin, Cal.com. Mehr dar\u00fcber, wie Cal.com Ihre pers\u00f6nlichen Daten verwendet, k\u00f6nnen Sie hier nachlesen: https:\/\/cal.com\/privacy.<\/p>\n\n\n\n<p>Wir k\u00f6nnen Ihre Daten verarbeiten, wenn Sie uns eine spezifische Zustimmung gegeben haben, Ihre pers\u00f6nlichen Daten f\u00fcr einen bestimmten Zweck zu verwenden. Wenn Sie beispielsweise per E-Mail ein Angebot anfordern, verwenden wir die von Ihnen angegebene E-Mail-Adresse, um auf Ihre Anfrage zu antworten.<\/p>\n\n\n\n<p>Wenn wir einen Vertrag mit Ihnen abgeschlossen haben, k\u00f6nnen wir Ihre pers\u00f6nlichen Daten verarbeiten, um die Bedingungen unseres Vertrags zu erf\u00fcllen.<\/p>\n\n\n\n<p>Wir k\u00f6nnen Ihre Daten mit Drittanbietern, Dienstleistern, Auftragnehmern oder Agenten teilen, die in unserem Auftrag Dienstleistungen erbringen und Zugang zu solchen Informationen ben\u00f6tigen, um diese Arbeit auszuf\u00fchren. Beispiele hierf\u00fcr sind Zahlungsabwicklung, E-Mail-Zustellung, Kundenservice, Hosting-Dienste und Marketingbem\u00fchungen.<\/p>\n\n\n\n<p>Schlie\u00dflich k\u00f6nnen wir Ihre pers\u00f6nlichen Daten auch teilen, um geltende Gesetze und Vorschriften einzuhalten, auf eine Vorladung, einen Durchsuchungsbefehl oder eine andere rechtm\u00e4\u00dfige Anfrage nach Informationen, die wir erhalten, zu reagieren oder um unsere Rechte zu sch\u00fctzen.<\/p>\n\n\n\n<h2 id=\"do-not-track-behavior\" class=\"wp-block-heading\"><strong>\u201eDO NOT TRACK\u201c-VERHALTEN<\/strong><\/h2>\n\n\n\n<p>Bitte beachten Sie, dass wir unsere Datenverarbeitungs- und Nutzungsmethoden auf der Website nicht \u00e4ndern, wenn wir ein \u201eDo Not Track\u201c-Signal Ihres Browsers erkennen.<\/p>\n\n\n\n<h2 id=\"data-retention\" class=\"wp-block-heading\"><strong>DATENSPEICHERUNG<\/strong><\/h2>\n\n\n\n<p>Wenn Sie uns \u00fcber die Website kontaktieren, bewahren wir Ihre freiwillig \u00fcbermittelten Informationen so lange auf, wie es notwendig ist, um die in dieser Datenschutzerkl\u00e4rung beschriebenen Zwecke zu erf\u00fcllen, es sei denn, eine l\u00e4ngere Aufbewahrungsfrist ist gesetzlich erforderlich (wie z.B. steuerliche, buchhalterische oder andere rechtliche Anforderungen).&nbsp;<\/p>\n\n\n\n<p>Wenn wir keinen anhaltenden legitimen gesch\u00e4ftlichen Grund haben, Ihre pers\u00f6nlichen Informationen zu verarbeiten, werden diese gel\u00f6scht.<\/p>\n\n\n\n<h2 id=\"minors\" class=\"wp-block-heading\"><strong>MINDERJ\u00c4HRIGE<\/strong><\/h2>\n\n\n\n<p>Wir richten keine unserer Dienstleistungen oder Informationen an Kinder unter 13 Jahren und sammeln wissentlich keine Daten von Kindern unter 13 Jahren.<\/p>\n\n\n\n<h2 id=\"changes\" class=\"wp-block-heading\"><strong>\u00c4NDERUNGEN<\/strong><\/h2>\n\n\n\n<p>Wir k\u00f6nnen diese Datenschutzerkl\u00e4rung von Zeit zu Zeit aktualisieren, um beispielsweise \u00c4nderungen unserer Praktiken oder aus anderen betrieblichen, rechtlichen oder regulatorischen Gr\u00fcnden widerzuspiegeln.<\/p>\n\n\n\n<h2 id=\"your-privacy-rights\" class=\"wp-block-heading\"><strong>IHRE DATENSCHUTZRECHTE<\/strong><\/h2>\n\n\n\n<p>Sie haben das Recht, jederzeit ohne Zahlung einer Geb\u00fchr Auskunft \u00fcber die Herkunft, Empf\u00e4nger und Zwecke Ihrer gespeicherten pers\u00f6nlichen Daten zu erhalten. Sie haben au\u00dferdem das Recht, die Berichtigung oder L\u00f6schung Ihrer Daten zu verlangen. Wenn Sie in die Datenverarbeitung eingewilligt haben, haben Sie die M\u00f6glichkeit, diese Einwilligung jederzeit zu widerrufen, was sich auf alle zuk\u00fcnftigen Datenverarbeitungen auswirkt. Dar\u00fcber hinaus haben Sie das Recht, unter bestimmten Umst\u00e4nden die Einschr\u00e4nkung der Verarbeitung Ihrer Daten zu fordern. Ferner haben Sie das Recht, sich bei der zust\u00e4ndigen Aufsichtsbeh\u00f6rde zu beschweren.<\/p>\n\n\n\n<p>Wenn Sie in der Europ\u00e4ischen Union ans\u00e4ssig sind, haben Sie das Recht, Zugang zu den pers\u00f6nlichen Daten zu erhalten, die wir \u00fcber Sie gespeichert haben, und zu verlangen, dass Ihre pers\u00f6nlichen Daten korrigiert, aktualisiert oder gel\u00f6scht werden. Wenn Sie dieses Recht aus\u00fcben m\u00f6chten, kontaktieren Sie uns bitte \u00fcber die unten angegebenen Kontaktdaten.<\/p>\n\n\n\n<p>Dar\u00fcber hinaus weisen wir darauf hin, dass wir Ihre Informationen verarbeiten, um Vertr\u00e4ge zu erf\u00fcllen, die wir m\u00f6glicherweise mit Ihnen haben (zum Beispiel, wenn Sie uns \u00fcber die Website kontaktieren), oder um unsere oben aufgef\u00fchrten legitimen Gesch\u00e4ftsinteressen zu verfolgen.<\/p>\n\n\n\n<p>Diese Website verwendet Tools von Unternehmen au\u00dferhalb der Europ\u00e4ischen Union, einschlie\u00dflich Kanada und den Vereinigten Staaten, wie beispielsweise Google Analytics 4.<\/p>\n\n\n\n<h2 id=\"data-protection\" class=\"wp-block-heading\"><strong>SCHUTZ DER PRIVATSPH\u00c4RE<\/strong><\/h2>\n\n\n\n<p>Wir weisen darauf hin, dass die Daten\u00fcbertragung im Internet (z.B. bei der Kommunikation per E-Mail) Sicherheitsl\u00fccken aufweisen kann. Ein l\u00fcckenloser Schutz der Daten vor dem Zugriff durch Dritte ist nicht m\u00f6glich.<\/p>\n\n\n\n<h2 id=\"ssl-andor-tls-encryption\" class=\"wp-block-heading\"><strong>SSL-\/TLS-VERSCHL\u00dcSSELUNG<\/strong><\/h2>\n\n\n\n<p>Aus Sicherheitsgr\u00fcnden und zum Schutz der \u00dcbertragung vertraulicher Inhalte, wie zum Beispiel Anfragen, die Sie an uns \u00fcber die Website senden, nutzt diese Website entweder ein SSL- oder ein TLS-Verschl\u00fcsselungsprogramm. Eine verschl\u00fcsselte Verbindung erkennen Sie daran, dass die Adresszeile des Browsers von \u201ehttp:\/\/\u201c auf \u201ehttps:\/\/\u201c wechselt und an dem Schloss-Symbol in Ihrer Browserzeile.<\/p>\n\n\n\n<p>Wenn die SSL- oder TLS-Verschl\u00fcsselung aktiviert ist, k\u00f6nnen die Daten, die Sie an uns \u00fcbermitteln, nicht von Dritten mitgelesen werden.<\/p>\n\n\n\n<h2 id=\"contact-us\" class=\"wp-block-heading\"><strong>KONTAKT<\/strong><\/h2>\n\n\n\n<p>F\u00fcr weitere Informationen \u00fcber unsere Datenschutzpraktiken, wenn Sie Fragen haben oder eine Beschwerde einreichen m\u00f6chten, kontaktieren Sie uns bitte per E-Mail unter office at modilingua.com oder besuchen Sie unser <a href=\"https:\/\/modilingua.com\/de\/impressum\/\" data-type=\"page\" data-id=\"1220\">Impressum<\/a>.<\/p>\n\n\n\n<div style=\"height:100px\" aria-hidden=\"true\" class=\"wp-block-spacer\"><\/div>","protected":false},"excerpt":{"rendered":"<p>Privacy Policy Last Updated: 7 April 2026 This Privacy Policy describes how your personal information is collected, used, and shared when you visit modilingua.com (the \u201cSite\u201d). This Privacy Policy applies to all information you submit to modilingua.com, and all information collected through our Services and the Site.&nbsp; CONTROLLER The controller responsible for data collection and [&hellip;]<\/p>\n","protected":false},"author":3,"featured_media":0,"parent":0,"menu_order":0,"comment_status":"closed","ping_status":"closed","template":"","meta":{"_seopress_robots_primary_cat":"","_seopress_titles_title":"Privacy Policy | Modilingua.com","_seopress_titles_desc":"Privacy policy for modilingua \u2013 localization strategy, translation management and international SEO content solutions for startups, founders and small business.","_seopress_robots_index":"","footnotes":""},"class_list":["post-885","page","type-page","status-publish"],"_links":{"self":[{"href":"https:\/\/modilingua.com\/de\/wp-json\/wp\/v2\/pages\/885","targetHints":{"allow":["GET"]}}],"collection":[{"href":"https:\/\/modilingua.com\/de\/wp-json\/wp\/v2\/pages"}],"about":[{"href":"https:\/\/modilingua.com\/de\/wp-json\/wp\/v2\/types\/page"}],"author":[{"embeddable":true,"href":"https:\/\/modilingua.com\/de\/wp-json\/wp\/v2\/users\/3"}],"replies":[{"embeddable":true,"href":"https:\/\/modilingua.com\/de\/wp-json\/wp\/v2\/comments?post=885"}],"version-history":[{"count":6,"href":"https:\/\/modilingua.com\/de\/wp-json\/wp\/v2\/pages\/885\/revisions"}],"predecessor-version":[{"id":15263,"href":"https:\/\/modilingua.com\/de\/wp-json\/wp\/v2\/pages\/885\/revisions\/15263"}],"wp:attachment":[{"href":"https:\/\/modilingua.com\/de\/wp-json\/wp\/v2\/media?parent=885"}],"curies":[{"name":"wp","href":"https:\/\/api.w.org\/{rel}","templated":true}]}}