{"id":879,"date":"2022-05-01T12:46:07","date_gmt":"2022-05-01T10:46:07","guid":{"rendered":"http:\/\/modilingua.local\/?page_id=879"},"modified":"2026-02-20T09:44:36","modified_gmt":"2026-02-20T08:44:36","slug":"localization","status":"publish","type":"page","link":"https:\/\/modilingua.com\/de\/leistungen\/lokalisierung\/","title":{"rendered":"Lokalisierung"},"content":{"rendered":"<div class=\"wp-block-columns are-vertically-aligned-bottom is-layout-flex wp-container-core-columns-is-layout-e477a36d wp-block-columns-is-layout-flex\" style=\"padding-bottom:var(--wp--preset--spacing--60)\">\n<div class=\"wp-block-column is-vertically-aligned-bottom is-layout-flow wp-block-column-is-layout-flow\"><h1 class=\"wp-block-heading\" style=\"line-height:1.3\" id=\"digital-localization-service\"><strong>Lokalisierung f\u00fcr den digitalen Markt<\/strong><\/h1>\n\n\n<div class=\"wp-block-buttons is-layout-flex wp-block-buttons-is-layout-flex\">\n<div class=\"wp-block-button\"><a class=\"wp-block-button__link has-primary-color has-secondary-background-color has-text-color has-background wp-element-button\" href=\"https:\/\/modilingua.com\/de\/kontakt\/\">Besprechen wir Ihr Projekt -&gt;<\/a><\/div>\n<\/div>\n<\/div>\n\n\n\n<div class=\"wp-block-column is-vertically-aligned-bottom is-layout-flow wp-block-column-is-layout-flow\">\n<p>Die Lokalisierung digitaler Inhalte verleiht Ihrem Unternehmen einen lokalen Akzent, eine Nuance, die daf\u00fcr sorgt, dass Ihre Botschaft nicht nur geh\u00f6rt, sondern auch wirklich verstanden wird.<\/p>\n\n\n\n<p>Ich habe \u00fcber 11 Jahre lang die Lokalisierung f\u00fcr eines der weltweit gr\u00f6\u00dften sozialen Netzwerke geleitet. Jetzt helfe ich Ihnen, Ihre Apps, Software und Marketingmaterialien f\u00fcr ein internationales Publikum wirksam anzupassen. Ihre Markenbotschaft wird dabei nicht nur \u00fcbersetzt, sondern auch in kultureller Hinsicht an den jeweiligen Zielmarkt angepasst.<\/p>\n\n\n\n<p>Gehen Sie \u00fcber die reine \u00dcbersetzung hinaus. Tauchen Sie in die lokale Kultur ein, schaffen Sie Vertrauen und f\u00f6rdern Sie das Wachstum Ihres Business durch digitale Lokalisierung. Neugierig geworden? Scrollen Sie nach unten und erfahren Sie, wie meine Boutique-Services Ihr Gesch\u00e4ft ver\u00e4ndern k\u00f6nnen.<\/p>\n<\/div>\n<\/div>\n\n\n\n<figure class=\"wp-block-image aligncenter size-large\"><img loading=\"lazy\" decoding=\"async\" width=\"1024\" height=\"753\" src=\"https:\/\/modilingua.com\/wp-content\/uploads\/2023\/06\/undraw_The_world_is_mine_re_j5cr-1024x753.png\" alt=\"Illustration von Undraw\" class=\"wp-image-1393\" srcset=\"\" sizes=\"auto, (max-width: 1024px) 100vw, 1024px\" data-srcset=\"\" \/><\/figure>\n\n\n\n<div style=\"height:100px\" aria-hidden=\"true\" class=\"wp-block-spacer\"><\/div>\n\n\n\n<div class=\"wp-block-group alignfull has-background-color has-primary-background-color has-text-color has-background is-layout-constrained wp-container-core-group-is-layout-c9bfb9eb wp-block-group-is-layout-constrained\" style=\"border-radius:8px;padding-top:var(--wp--preset--spacing--70);padding-right:var(--wp--preset--spacing--70);padding-bottom:var(--wp--preset--spacing--70);padding-left:var(--wp--preset--spacing--70)\">\n<div class=\"wp-block-columns is-layout-flex wp-container-core-columns-is-layout-28f84493 wp-block-columns-is-layout-flex\">\n<div class=\"wp-block-column is-layout-flow wp-block-column-is-layout-flow\"><h2 class=\"wp-block-heading has-background-color has-text-color has-extra-large-font-size\" id=\"create-globally-engaging-user-experiences\">Fesselnde Erlebnisse f\u00fcr globale Nutzer schaffen<\/h2><\/div>\n\n\n\n<div class=\"wp-block-column is-layout-flow wp-block-column-is-layout-flow\">\n<p>Da die digitalen Grenzen immer mehr verschwimmen, reicht eine 1:1-\u00dcbersetzung nicht mehr aus, um Nutzer auf der ganzen Welt effektiv zu erreichen und zu begeistern - es bedarf kultureller Feinf\u00fchligkeit und Lokalisierung. <\/p>\n\n\n\n<p>Lokalisierung umfasst nicht nur die Sprachanpassung, sondern auch die Abstimmung des kulturellen Kontexts, der Verhaltensnormen und der einzigartigen Erwartungen von Nutzern in verschiedenen M\u00e4rkten. Nutzerzentrierung ist das A und O.<\/p>\n\n\n\n<p>Sowohl bei der App-Lokalisierung, der Software-Lokalisierung als auch der Anpassung regionaler Marketinginhalte wird darauf abgezielt, dass Ihre digitalen Produkte gut ankommen.<\/p>\n\n\n\n<p>Dank meines pers\u00f6nlichen Ansatzes bei der Kundenbetreuung erhalten Sie w\u00e4hrend jedes Sprints individuelle Aufmerksamkeit und Unterst\u00fctzung, um sicherzustellen, dass Ihr Projekt Ihren genauen Spezifikationen und Zeitvorgaben entspricht. <a href=\"https:\/\/modilingua.com\/de\/kontakt\/\" class=\"ek-link\">Kontaktieren Sie mich,<\/a> damit wir gemeinsam loslegen k\u00f6nnen!<\/p>\n<\/div>\n<\/div>\n<\/div>\n\n\n\n<div style=\"height:100px\" aria-hidden=\"true\" class=\"wp-block-spacer\"><\/div>\n\n\n\n<div style=\"height:100px\" aria-hidden=\"true\" class=\"wp-block-spacer\"><\/div>\n\n\n\n<div class=\"wp-block-columns is-layout-flex wp-container-core-columns-is-layout-28f84493 wp-block-columns-is-layout-flex\">\n<div class=\"wp-block-column is-layout-flow wp-block-column-is-layout-flow\"><h2 class=\"wp-block-heading\" id=\"app-localization\"><strong>App-Lokalisierung<\/strong><\/h2>\n\n\n<figure class=\"wp-block-image size-large\"><img loading=\"lazy\" decoding=\"async\" width=\"1024\" height=\"793\" src=\"https:\/\/modilingua.com\/wp-content\/uploads\/2023\/06\/undraw_my_app_re_gxtj-1024x793.png\" alt=\"Illustration von Undraw\" class=\"wp-image-1384\" srcset=\"\" sizes=\"auto, (max-width: 1024px) 100vw, 1024px\" data-srcset=\"\" \/><\/figure>\n<\/div>\n\n\n\n<div class=\"wp-block-column is-layout-flow wp-block-column-is-layout-flow\"><h3 class=\"wp-block-heading has-medium-font-size\" style=\"font-style:normal;font-weight:700\" id=\"expanding-your-apps-global-reach\">Internationalisieren Sie Ihre App f\u00fcr neue Nutzer weltweit<\/h3>\n\n\n<p style=\"margin-top:var(--wp--preset--spacing--10);margin-bottom:var(--wp--preset--spacing--60)\">Egal ob Sie ein Spiel, eine Utility-App oder ein Lernprogramm entwickelt haben, die globale Reichweite ist entscheidend f\u00fcr den Erfolg Ihrer App. Ich helfe Ihnen, einzigartige kulturelle Nuancen zu navigieren und Ihre App an die sprachlichen Pr\u00e4ferenzen Ihrer Zielm\u00e4rkte anzupassen.<\/p>\n\n\n\n<div style=\"height:10px\" aria-hidden=\"true\" class=\"wp-block-spacer\"><\/div>\n\n\n<h3 class=\"wp-block-heading has-medium-font-size\" style=\"font-style:normal;font-weight:700\" id=\"culturallyrelevant-ux\">Kulturell relevante Nutzererfahrung<\/h3>\n\n\n<p style=\"margin-top:var(--wp--preset--spacing--10);margin-bottom:0\">Eine gut lokalisierte App ist eine Freude f\u00fcr den Endanwender. F\u00fcr ein immersives und nahtloses Erlebnis internationaler Nutzer sollte Ihre App nicht nur einwandfrei in der Zielsprachregion funktionieren, sondern auch kulturell relevant sein.<\/p>\n<\/div>\n<\/div>\n\n\n\n<div style=\"height:100px\" aria-hidden=\"true\" class=\"wp-block-spacer\"><\/div>\n\n\n\n<div class=\"wp-block-columns is-layout-flex wp-container-core-columns-is-layout-28f84493 wp-block-columns-is-layout-flex\">\n<div class=\"wp-block-column is-layout-flow wp-block-column-is-layout-flow\"><h2 class=\"wp-block-heading\" id=\"social-media-localization\"><strong>Social Media Lokalisierung<\/strong><\/h2>\n\n\n<figure class=\"wp-block-image size-large\"><img loading=\"lazy\" decoding=\"async\" width=\"1024\" height=\"609\" src=\"https:\/\/modilingua.com\/wp-content\/uploads\/2023\/06\/undraw_Social_media_re_sulg-1024x609.png\" alt=\"Illustration von Undraw\" class=\"wp-image-1506\" srcset=\"\" sizes=\"auto, (max-width: 1024px) 100vw, 1024px\" data-srcset=\"\" \/><\/figure>\n<\/div>\n\n\n\n<div class=\"wp-block-column is-layout-flow wp-block-column-is-layout-flow\"><h3 class=\"wp-block-heading has-medium-font-size\" style=\"font-style:normal;font-weight:700\" id=\"adapting-your-social-media-campaigns\"><strong>Anpassung Ihrer Social Media-Kampagnen<\/strong><\/h3>\n\n\n<p style=\"margin-top:var(--wp--preset--spacing--10);margin-bottom:var(--wp--preset--spacing--60)\">Nur weil Social-Media-Inhalte in einer Region gut ankommen, hei\u00dft das nicht, dass sie auch in einer anderen gut funktionieren. Die Lokalisierung stellt sicher, dass Ihr Content den kulturellen Normen, Werten und dem Humor Ihrer Zielm\u00e4rkte entsprechen. Das Ergebnis: mehr lokales Engagement und Interaktion mit einer ansprechenden Pr\u00e4senz auf mehreren Plattformen.<\/p>\n\n\n\n<div style=\"height:10px\" aria-hidden=\"true\" class=\"wp-block-spacer\"><\/div>\n\n\n<h3 class=\"wp-block-heading has-medium-font-size\" style=\"font-style:normal;font-weight:700\" id=\"building-local-connections\"><strong>Lokale Beziehungen aufbauen<\/strong><\/h3>\n\n\n<p style=\"margin-top:var(--wp--preset--spacing--10);margin-bottom:0\">Die Lokalisierung von Social Media erfordert ein Verst\u00e4ndnis der Nuancen, die daf\u00fcr sorgen, dass Inhalte vor Ort auf Resonanz sto\u00dfen. Mit dem Lokalisierungsservice von Modilingua k\u00f6nnen Sie Beitr\u00e4ge entwickeln lassen, die lokale Ausdr\u00fccke, Humor und Trends ber\u00fccksichtigen, so dass Ihre Marke die Sprache spricht, den lokalen Geist verk\u00f6rpert und Ihre Fangemeinde st\u00e4rkt.<\/p>\n<\/div>\n<\/div>\n\n\n\n<div style=\"height:100px\" aria-hidden=\"true\" class=\"wp-block-spacer\"><\/div>\n\n\n\n<div class=\"wp-block-columns is-layout-flex wp-container-core-columns-is-layout-28f84493 wp-block-columns-is-layout-flex\">\n<div class=\"wp-block-column is-layout-flow wp-block-column-is-layout-flow\"><h2 class=\"wp-block-heading\" id=\"software-localization\"><strong>Software-Lokalisierung<\/strong><\/h2>\n\n\n<figure class=\"wp-block-image size-full\"><img loading=\"lazy\" decoding=\"async\" width=\"979\" height=\"736\" src=\"https:\/\/modilingua.com\/wp-content\/uploads\/2023\/07\/undraw_Firmware_re_fgdy.png\" alt=\"Illustration von Undraw\" class=\"wp-image-1893\" srcset=\"https:\/\/modilingua.com\/wp-content\/uploads\/2023\/07\/undraw_Firmware_re_fgdy.png 979w, https:\/\/modilingua.com\/wp-content\/uploads\/2023\/07\/undraw_Firmware_re_fgdy-300x226.png 300w, https:\/\/modilingua.com\/wp-content\/uploads\/2023\/07\/undraw_Firmware_re_fgdy-768x577.png 768w\" sizes=\"auto, (max-width: 979px) 100vw, 979px\" \/><\/figure>\n<\/div>\n\n\n\n<div class=\"wp-block-column is-layout-flow wp-block-column-is-layout-flow\"><h3 class=\"wp-block-heading has-medium-font-size\" style=\"font-style:normal;font-weight:700\" id=\"enhancing-user-interaction\">Verbesserung der Benutzerinteraktion<\/h3>\n\n\n<p style=\"margin-top:var(--wp--preset--spacing--10);margin-bottom:var(--wp--preset--spacing--60)\">Bei der Softwarelokalisierung geht es um mehr als nur die \u00dcbersetzung von Benutzeroberfl\u00e4chen. Es wird erwartet, dass die Benutzerf\u00fchrung nat\u00fcrlich und logisch ist. Sorgen Sie daf\u00fcr, dass jeder Aspekt Ihrer Software - von der Dokumentation bis hin zu Fehlermeldungen - f\u00fcr Ihre internationalen Benutzer verst\u00e4ndlich ist. Dadurch wird die Interaktion mit Ihrer Software zunehmen und Sie werden bessere Bewertungen erhalten.<\/p>\n\n\n\n<div style=\"height:10px\" aria-hidden=\"true\" class=\"wp-block-spacer\"><\/div>\n\n\n<h3 class=\"wp-block-heading has-medium-font-size\" style=\"font-style:normal;font-weight:700\" id=\"boosting-international-usability\">Internationale Benutzerfreundlichkeit optimieren<\/h3>\n\n\n<p style=\"margin-top:var(--wp--preset--spacing--10);margin-bottom:0\">Auch die Benutzerfreundlichkeit ist f\u00fcr den Erfolg Ihrer Software entscheidend. Ich ber\u00fccksichtige die spezifischen sprachlichen, kulturellen und technischen Anforderungen Ihrer Zielm\u00e4rkte. So bleibt Ihre Software auch nach der \u00dcbersetzung intuitiv bedienbar.<\/p>\n<\/div>\n<\/div>\n\n\n\n<div style=\"height:100px\" aria-hidden=\"true\" class=\"wp-block-spacer\"><\/div>\n\n\n\n<div class=\"wp-block-columns is-layout-flex wp-container-core-columns-is-layout-28f84493 wp-block-columns-is-layout-flex\">\n<div class=\"wp-block-column is-layout-flow wp-block-column-is-layout-flow\"><h2 class=\"wp-block-heading\" id=\"marketing-localization\">Marketing-Lokalisierung<\/h2>\n\n\n<figure class=\"wp-block-image size-large\"><img loading=\"lazy\" decoding=\"async\" width=\"1024\" height=\"706\" src=\"https:\/\/modilingua.com\/wp-content\/uploads\/2023\/06\/undraw_Publish_post_re_wmql-1024x706.png\" alt=\"Illustration von Undraw\" class=\"wp-image-1389\" srcset=\"\" sizes=\"auto, (max-width: 1024px) 100vw, 1024px\" data-srcset=\"\" \/><\/figure>\n<\/div>\n\n\n\n<div class=\"wp-block-column is-layout-flow wp-block-column-is-layout-flow\"><h3 class=\"wp-block-heading has-medium-font-size\" style=\"font-style:normal;font-weight:700\" id=\"reaching-global-markets-effectively\">Effektive globale Reichweite<\/h3>\n\n\n<p style=\"margin-top:var(--wp--preset--spacing--10);margin-bottom:var(--wp--preset--spacing--60)\">Bei der Ansprache internationaler Zielgruppen funktioniert ein Einheitsansatz einfach nicht. Ich passe Ihre Marketingbotschaften an den einzigartigen kulturellen und sprachlichen Kontext Ihrer Zielm\u00e4rkte an, um eine effektivere Reichweite und Interaktion zu erm\u00f6glichen.<\/p>\n\n\n\n<div style=\"height:10px\" aria-hidden=\"true\" class=\"wp-block-spacer\"><\/div>\n\n\n<h3 class=\"wp-block-heading has-medium-font-size\" style=\"font-style:normal;font-weight:700\" id=\"building-brand-trust-internationally\">Markenvertrauen international aufbauen<\/h3>\n\n\n<p style=\"margin-top:var(--wp--preset--spacing--10);margin-bottom:0\">Die Lokalisierung erh\u00f6ht zweifellos die Glaubw\u00fcrdigkeit Ihrer Marke. Indem ich Ihre Marketinginhalte so lokalisiere, dass sie in Ihren Zielm\u00e4rkten gut ankommen, helfe ich Ihnen, Markenvertrauen und Markentreue aufzubauen - entscheidende Faktoren f\u00fcr den Erfolg auf dem heutigen globalen Marktplatz.<\/p>\n<\/div>\n<\/div>\n\n\n\n<div style=\"height:20px\" aria-hidden=\"true\" class=\"wp-block-spacer\"><\/div>\n\n\n\n<div class=\"wp-block-buttons is-content-justification-center is-layout-flex wp-container-core-buttons-is-layout-a89b3969 wp-block-buttons-is-layout-flex\">\n<div class=\"wp-block-button has-custom-width wp-block-button__width-50\"><a class=\"wp-block-button__link wp-element-button\" href=\"https:\/\/modilingua.com\/de\/leistungen\/\">Alle Leistungen \u2192<\/a><\/div>\n<\/div>\n\n\n\n<div style=\"height:100px\" aria-hidden=\"true\" class=\"wp-block-spacer\"><\/div>\n\n\n\n<div class=\"wp-block-group has-background-secondary-background-color has-background is-layout-constrained wp-container-core-group-is-layout-6c0cbf42 wp-block-group-is-layout-constrained\" style=\"border-radius:8px;padding-top:var(--wp--preset--spacing--70);padding-right:var(--wp--preset--spacing--70);padding-bottom:var(--wp--preset--spacing--70);padding-left:var(--wp--preset--spacing--70)\"><h2 class=\"wp-block-heading\" style=\"margin-top:0;margin-bottom:0\" id=\"delight-your-international-users\">Begeistern Sie Ihre internationalen Anwender.<\/h2>\n\n\n<p style=\"margin-top:var(--wp--preset--spacing--30);margin-bottom:var(--wp--preset--spacing--60);line-height:1.5\">Kontaktieren Sie mich, um ein unverbindliches Erstgespr\u00e4ch f\u00fcr Ihr Lokalisierungsprojekt zu vereinbaren oder ein Angebot f\u00fcr die Lokalisierung von Apps, Marketinginhalte oder Websites anzufordern. Ich freue mich auf Ihre Nachricht.<\/p>\n\n\n\n<div class=\"wp-block-buttons is-layout-flex wp-block-buttons-is-layout-flex\">\n<div class=\"wp-block-button is-style-fill\"><a class=\"wp-block-button__link has-primary-color has-secondary-background-color has-text-color has-background wp-element-button\" href=\"https:\/\/modilingua.com\/de\/kontakt\/\">Kontakt aufnehmen \u2192<\/a><\/div>\n<\/div>\n<\/div>\n\n\n\n<div style=\"height:100px\" aria-hidden=\"true\" class=\"wp-block-spacer\"><\/div>","protected":false},"excerpt":{"rendered":"<p>Digital Localization Service Localizing your digital content is like giving your business a local accent, a nuance that makes your message not only heard but truly understood. After 11 years of localizing one of the world&#8217;s largest social media networks, I&#8217;m here to help you adapt your app, software, and marketing materials to resonate with [&hellip;]<\/p>\n","protected":false},"author":3,"featured_media":0,"parent":1348,"menu_order":0,"comment_status":"closed","ping_status":"closed","template":"","meta":{"_seopress_robots_primary_cat":"","_seopress_titles_title":"Localization Service for Startups &amp; SaaS","_seopress_titles_desc":"Tap into new international markets and delight users with expert localization service for your app, software, website or marketing assets. Expand your reach!","_seopress_robots_index":"","footnotes":""},"class_list":["post-879","page","type-page","status-publish"],"_links":{"self":[{"href":"https:\/\/modilingua.com\/de\/wp-json\/wp\/v2\/pages\/879","targetHints":{"allow":["GET"]}}],"collection":[{"href":"https:\/\/modilingua.com\/de\/wp-json\/wp\/v2\/pages"}],"about":[{"href":"https:\/\/modilingua.com\/de\/wp-json\/wp\/v2\/types\/page"}],"author":[{"embeddable":true,"href":"https:\/\/modilingua.com\/de\/wp-json\/wp\/v2\/users\/3"}],"replies":[{"embeddable":true,"href":"https:\/\/modilingua.com\/de\/wp-json\/wp\/v2\/comments?post=879"}],"version-history":[{"count":4,"href":"https:\/\/modilingua.com\/de\/wp-json\/wp\/v2\/pages\/879\/revisions"}],"predecessor-version":[{"id":14151,"href":"https:\/\/modilingua.com\/de\/wp-json\/wp\/v2\/pages\/879\/revisions\/14151"}],"up":[{"embeddable":true,"href":"https:\/\/modilingua.com\/de\/wp-json\/wp\/v2\/pages\/1348"}],"wp:attachment":[{"href":"https:\/\/modilingua.com\/de\/wp-json\/wp\/v2\/media?parent=879"}],"curies":[{"name":"wp","href":"https:\/\/api.w.org\/{rel}","templated":true}]}}