{"id":14154,"date":"2026-03-05T14:00:31","date_gmt":"2026-03-05T13:00:31","guid":{"rendered":"https:\/\/modilingua.com\/?page_id=14154"},"modified":"2026-03-26T11:08:50","modified_gmt":"2026-03-26T10:08:50","slug":"ai-lab","status":"publish","type":"page","link":"https:\/\/modilingua.com\/de\/ki-notizen\/","title":{"rendered":"KI-Notizen"},"content":{"rendered":"<div class=\"wp-block-group has-background-secondary-background-color has-background is-layout-constrained wp-container-core-group-is-layout-6c0cbf42 wp-block-group-is-layout-constrained\" style=\"border-radius:8px;padding-top:var(--wp--preset--spacing--70);padding-right:var(--wp--preset--spacing--70);padding-bottom:var(--wp--preset--spacing--70);padding-left:var(--wp--preset--spacing--70)\"><h1 class=\"wp-block-heading\" style=\"margin-top:0;margin-bottom:0\" id=\"ai-lab-notes\">KI-Notizen<\/h1>\n\n\n<p><br>Diese Seite dient als Ablage f\u00fcr gelegentliche Beitr\u00e4ge zum Thema KI, die nicht in die Struktur meines regul\u00e4ren <a href=\"https:\/\/modilingua.com\/de\/blog\/\" data-type=\"page\" data-id=\"888\">Lokalisierungsblog<\/a> passen.<\/p>\n\n\n\n<p>Diese Notizen stammen aus Experimenten, Web-Forschungen und Erkundungen. Aufgrund ihrer zeitkritischen Natur sind sie m\u00f6glicherweise nur einsprachig verf\u00fcgbar.<\/p>\n\n\n\n<p>Wenn Sie \u00fcber einen externen Link hierher gelangt sind, beginnen Sie mit der neuesten Notiz unten!<\/p>\n<\/div>\n\n\n\n<div style=\"height:100px\" aria-hidden=\"true\" class=\"wp-block-spacer\"><\/div>\n\n\n\n<div class=\"wp-block-columns is-layout-flex wp-container-core-columns-is-layout-28f84493 wp-block-columns-is-layout-flex\">\n<div class=\"wp-block-column is-layout-flow wp-block-column-is-layout-flow\"><h2 class=\"wp-block-heading\" id=\"latest-note\">Neueste Notiz<\/h2>\n\n\n<p>Die KI ver\u00e4ndert die Sprachdienstleistungsbranche rasend schnell. Was bedeutet das f\u00fcr Sprachdienstleister, freiberufliche \u00dcbersetzer und junge Linguisten, die gerade erst in den Beruf einsteigen wollten? [EN]<\/p>\n\n\n\n<div class=\"wp-block-buttons is-layout-flex wp-block-buttons-is-layout-flex\">\n<div class=\"wp-block-button\"><a class=\"wp-block-button__link wp-element-button\" href=\"https:\/\/modilingua.com\/ai-lab\/ai-localization\/\">Jetzt lesen \u2192<\/a><\/div>\n<\/div>\n<\/div>\n\n\n\n<div class=\"wp-block-column is-layout-flow wp-block-column-is-layout-flow\"><h3 class=\"wp-block-heading has-medium-font-size\" style=\"font-style:normal;font-weight:700\" id=\"previous-notes\">Vorherige Notizen<\/h3>\n\n\n<p style=\"margin-top:var(--wp--preset--spacing--10);margin-bottom:var(--wp--preset--spacing--40)\">Die <a href=\"https:\/\/modilingua.com\/ai-lab\/best-openclaw-models\/\" data-type=\"page\" data-id=\"14324\">besten Opus-Alternativen f\u00fcr OpenClaw<\/a>: Ein Blick auf die aktuelle Tokenisierungs-Krise sowie ein Vergleich der Preisarchitektur von Frontier-Modellen. [EN]<\/p>\n\n\n<h3 class=\"wp-block-heading has-medium-font-size\" style=\"font-style:normal;font-weight:700\" id=\"additional-resources\">Weitere Ressourcen<\/h3>\n\n\n<ul class=\"wp-block-list\">\n<li>Modilinguas Toolkit (demn\u00e4chst)<\/li>\n\n\n\n<li><a href=\"https:\/\/modilingua.com\/de\/ki-nutzung\/\" data-type=\"page\" data-id=\"7745\">Hinweise zur KI-Nutzung<\/a><\/li>\n<\/ul>\n<\/div>\n<\/div>\n\n\n\n<div style=\"height:100px\" aria-hidden=\"true\" class=\"wp-block-spacer\"><\/div>\n\n\n\n<div class=\"wp-block-columns is-layout-flex wp-container-core-columns-is-layout-643ced6b wp-block-columns-is-layout-flex\">\n<div class=\"wp-block-column is-layout-flow wp-block-column-is-layout-flow\">\n<figure class=\"wp-block-image size-full has-custom-border\"><img loading=\"lazy\" decoding=\"async\" width=\"771\" height=\"673\" src=\"https:\/\/modilingua.com\/wp-content\/uploads\/ai-lab-notes.jpeg\" alt=\"KI Notizen mit Tipps und Infos\" class=\"has-border-color has-primary-second-border-color wp-image-14160\" style=\"border-width:16px\" srcset=\"https:\/\/modilingua.com\/wp-content\/uploads\/ai-lab-notes.jpeg 771w, https:\/\/modilingua.com\/wp-content\/uploads\/ai-lab-notes-300x262.jpeg 300w, https:\/\/modilingua.com\/wp-content\/uploads\/ai-lab-notes-768x670.jpeg 768w, https:\/\/modilingua.com\/wp-content\/uploads\/ai-lab-notes-14x12.jpeg 14w\" sizes=\"auto, (max-width: 771px) 100vw, 771px\" \/><\/figure>\n<\/div>\n\n\n\n<div class=\"wp-block-column is-layout-flow wp-block-column-is-layout-flow\">\n<h2 class=\"wp-block-heading has-large-font-size\">KI-Hilfe f\u00fcr Kleinunternehmen<\/h2>\n\n\n\n<p>M\u00f6chten Sie KI in einen bestehenden Prozess integrieren? Oder wiederkehrende Aufgaben automatisieren?<\/p>\n\n\n\n<p>Senden Sie mir eine kurze Nachricht mit Ihrem Ziel, Budget und aktuellen Rahmenbedingungen.<\/p>\n\n\n\n<p>Wenn Sie sich nicht sicher sind, wo Sie anfangen sollen, fragen Sie einfach nach einer pers\u00f6nlichen KI-Orientierungssitzung.<\/p>\n\n\n\n<div class=\"wp-block-buttons is-layout-flex wp-block-buttons-is-layout-flex\">\n<div class=\"wp-block-button is-style-outline is-style-outline--1\"><a class=\"wp-block-button__link wp-element-button\" href=\"https:\/\/modilingua.com\/de\/kontakt\/\">KI-Hilfe anfragen<\/a><\/div>\n<\/div>\n<\/div>\n<\/div>\n\n\n\n<div style=\"height:100px\" aria-hidden=\"true\" class=\"wp-block-spacer\"><\/div>","protected":false},"excerpt":{"rendered":"<p>AI Lab Notes This page serves as a small notebook for the occasional AI-related write-up that doesn\u2019t quite fit into my regular localization blog structure. These notes are one-offs from experiments, research and explorations. Due to their time-sensitive nature, they might only be available in one language. If you landed here through an external link, [&hellip;]<\/p>\n","protected":false},"author":3,"featured_media":0,"parent":0,"menu_order":0,"comment_status":"closed","ping_status":"closed","template":"","meta":{"_seopress_robots_primary_cat":"","_seopress_titles_title":"AI Lab Notes on OpenClaw in localization and content ops","_seopress_titles_desc":"AI lab notes and short reports on OpenClaw workflows, models, token costs, and n8n automations from a localization and content ops consultant.","_seopress_robots_index":"","footnotes":""},"class_list":["post-14154","page","type-page","status-publish"],"_links":{"self":[{"href":"https:\/\/modilingua.com\/de\/wp-json\/wp\/v2\/pages\/14154","targetHints":{"allow":["GET"]}}],"collection":[{"href":"https:\/\/modilingua.com\/de\/wp-json\/wp\/v2\/pages"}],"about":[{"href":"https:\/\/modilingua.com\/de\/wp-json\/wp\/v2\/types\/page"}],"author":[{"embeddable":true,"href":"https:\/\/modilingua.com\/de\/wp-json\/wp\/v2\/users\/3"}],"replies":[{"embeddable":true,"href":"https:\/\/modilingua.com\/de\/wp-json\/wp\/v2\/comments?post=14154"}],"version-history":[{"count":6,"href":"https:\/\/modilingua.com\/de\/wp-json\/wp\/v2\/pages\/14154\/revisions"}],"predecessor-version":[{"id":14765,"href":"https:\/\/modilingua.com\/de\/wp-json\/wp\/v2\/pages\/14154\/revisions\/14765"}],"wp:attachment":[{"href":"https:\/\/modilingua.com\/de\/wp-json\/wp\/v2\/media?parent=14154"}],"curies":[{"name":"wp","href":"https:\/\/api.w.org\/{rel}","templated":true}]}}