{"id":1370,"date":"2023-08-01T21:10:51","date_gmt":"2023-08-01T19:10:51","guid":{"rendered":"https:\/\/modilingua.com\/?page_id=1370"},"modified":"2026-03-18T11:12:34","modified_gmt":"2026-03-18T10:12:34","slug":"translation","status":"publish","type":"page","link":"https:\/\/modilingua.com\/de\/leistungen\/uebersetzung\/","title":{"rendered":"\u00dcbersetzung"},"content":{"rendered":"<div class=\"wp-block-columns are-vertically-aligned-bottom is-layout-flex wp-container-core-columns-is-layout-e477a36d wp-block-columns-is-layout-flex\" style=\"padding-bottom:var(--wp--preset--spacing--60)\">\n<div class=\"wp-block-column is-vertically-aligned-bottom is-layout-flow wp-block-column-is-layout-flow\"><h1 class=\"wp-block-heading\" style=\"line-height:1.3\" id=\"professional-native-speaker-translation-service\">Professionelle Native-Speaker-\u00dcbersetzungen<\/h1>\n\n\n<div class=\"wp-block-buttons is-layout-flex wp-block-buttons-is-layout-flex\">\n<div class=\"wp-block-button\"><a class=\"wp-block-button__link has-primary-color has-secondary-background-color has-text-color has-background wp-element-button\" href=\"https:\/\/modilingua.com\/de\/kontakt\/\">Fordern Sie ein unverbindliches Angebot an -&gt;<\/a><\/div>\n<\/div>\n<\/div>\n\n\n\n<div class=\"wp-block-column is-vertically-aligned-bottom is-layout-flow wp-block-column-is-layout-flow\">\n<p style=\"margin-bottom:0\">Die Vorteile liegen klar auf der Hand. Wer mit seinen Kunden weltweit effektiv kommunizieren will, braucht einen zuverl\u00e4ssigen Partner f\u00fcr englische Inhalte in Muttersprachler-Qualit\u00e4t.<\/p>\n\n\n\n<p>Bei der Wahl des richtigen \u00dcbersetzungsdienstes geht es um mehr als nur eine Wort-f\u00fcr-Wort-\u00dcbersetzung. Sie brauchen jemanden, der die Essenz, den Ton und die Feinheiten des Originaltextes einf\u00e4ngt und dabei kulturelle Bez\u00fcge und lokale Idiome ber\u00fccksichtigt.<\/p>\n\n\n\n<p>Von technischen Dokumenten \u00fcber Werbetexte bis hin zu Website-Inhalten: ich bringe die menschliche Note in den Prozess ein, damit Ihre Botschaft nicht in der \u00dcbersetzung verloren geht.<\/p>\n<\/div>\n<\/div>\n\n\n\n<figure class=\"wp-block-image aligncenter size-large\"><img loading=\"lazy\" decoding=\"async\" width=\"1024\" height=\"729\" src=\"https:\/\/modilingua.com\/wp-content\/uploads\/2023\/06\/undraw_Group_chat_re_frmo-1024x729.png\" alt=\"Muttersprachler \u00dcbersetzungsdienst - Illustration von Undraw\" class=\"wp-image-1381\" srcset=\"\" sizes=\"auto, (max-width: 1024px) 100vw, 1024px\" data-srcset=\"\" \/><\/figure>\n\n\n\n<div class=\"wp-block-group alignfull has-background-color has-primary-background-color has-text-color has-background is-layout-constrained wp-container-core-group-is-layout-c9bfb9eb wp-block-group-is-layout-constrained\" style=\"border-radius:8px;padding-top:var(--wp--preset--spacing--70);padding-right:var(--wp--preset--spacing--70);padding-bottom:var(--wp--preset--spacing--70);padding-left:var(--wp--preset--spacing--70)\">\n<div class=\"wp-block-columns is-layout-flex wp-container-core-columns-is-layout-28f84493 wp-block-columns-is-layout-flex\">\n<div class=\"wp-block-column is-layout-flow wp-block-column-is-layout-flow\"><h2 class=\"wp-block-heading has-background-color has-text-color has-extra-large-font-size\" id=\"translate-your-message-to-your-audience\">\u00dcbersetzen Sie Ihre Botschaft f\u00fcr Ihre Zielgruppe<\/h2><\/div>\n\n\n\n<div class=\"wp-block-column is-layout-flow wp-block-column-is-layout-flow\">\n<p style=\"margin-bottom:var(--wp--preset--spacing--40)\" class=\"translation-block\">Heutzutage sollten Sprachbarrieren kein Hindernis f\u00fcr den gesch\u00e4ftlichen Erfolg sein.<\/p>\n\n\n\n<p style=\"margin-bottom:var(--wp--preset--spacing--40)\">Ich helfe Ihnen dabei, mit einem weltweiten Publikum in Kontakt zu treten, und passe Ihre Inhalte an die besonderen Vorlieben und kulturellen Normen Ihrer Zielm\u00e4rkte an.<\/p>\n\n\n\n<p>Ganz gleich, ob Sie Unterst\u00fctzung bei der Erstellung von Webseiteninhalten, Marketingmaterialien oder Softwaredokumentation ben\u00f6tigen: mein muttersprachlicher \u00dcbersetzungsservice ist darauf ausgerichtet, Ihnen qualitativ hochwertige, kulturell relevante \u00dcbersetzungen zu liefern, die auf Ihre spezifischen Bed\u00fcrfnisse und Ihr Budget zugeschnitten sind.<\/p>\n\n\n\n<p>Von Start-ups, die neue internationale M\u00e4rkte erschlie\u00dfen m\u00f6chten, bis hin zu KMU, die ihre internationale Suchmaschinenoptimierung verbessern wollen: meine ma\u00dfgeschneiderten \u00dcbersetzungsdienstleistungen sind darauf ausgerichtet, Ihnen zum Erfolg zu verhelfen. <a href=\"https:\/\/modilingua.com\/de\/kontakt\/\" class=\"ek-link\">Kontaktieren Sie mich,<\/a> um Ihr Projekt zu besprechen oder ein unverbindliches Angebot einzuholen.<\/p>\n<\/div>\n<\/div>\n<\/div>\n\n\n\n<div style=\"height:100px\" aria-hidden=\"true\" class=\"wp-block-spacer\"><\/div>\n\n\n\n<div class=\"wp-block-columns is-layout-flex wp-container-core-columns-is-layout-28f84493 wp-block-columns-is-layout-flex\">\n<div class=\"wp-block-column is-layout-flow wp-block-column-is-layout-flow\"><h2 class=\"wp-block-heading\" id=\"website-translation\">Website-\u00dcbersetzung<\/h2>\n\n\n<figure class=\"wp-block-image size-large\"><img loading=\"lazy\" decoding=\"async\" width=\"1024\" height=\"584\" src=\"https:\/\/modilingua.com\/wp-content\/uploads\/2023\/07\/undraw_wordpress_utxt-1024x584.png\" alt=\"Illustration von Undraw\" class=\"wp-image-1847\" srcset=\"\" sizes=\"auto, (max-width: 1024px) 100vw, 1024px\" data-srcset=\"\" \/><\/figure>\n<\/div>\n\n\n\n<div class=\"wp-block-column is-layout-flow wp-block-column-is-layout-flow\"><h3 class=\"wp-block-heading has-medium-font-size\" style=\"font-style:normal;font-weight:700\" id=\"conveying-your-brand-identity\">Kommunikation Ihrer Markenidentit\u00e4t<\/h3>\n\n\n<p style=\"margin-top:var(--wp--preset--spacing--10);margin-bottom:var(--wp--preset--spacing--60)\">Ihre Website ist das digitale Schaufenster Ihres Unternehmens und muss daher die Sprache Ihrer Kunden sprechen. Ich \u00fcbersetze nicht nur Ihren Text, sondern auch Ihre Botschaft und Ihre Marke, damit Ihre Stimme auch auf neuen M\u00e4rkten geh\u00f6rt wird.<\/p>\n\n\n\n<div style=\"height:10px\" aria-hidden=\"true\" class=\"wp-block-spacer\"><\/div>\n\n\n<h3 class=\"wp-block-heading has-medium-font-size\" style=\"font-style:normal;font-weight:700\" id=\"increasing-user-engagement\">Steigerung der Nutzerinteraktion<\/h3>\n\n\n<p style=\"margin-top:var(--wp--preset--spacing--10);margin-bottom:0\">Wenn Sie Ihren internationalen Besuchern ein nahtloses Nutzererlebnis bieten, bleiben sie l\u00e4nger bei ihnen, interagieren mehr und konvertieren eher. Binden Sie Ihre Kunden mit einer Website, die wirklich ihre Sprache spricht.<\/p>\n<\/div>\n<\/div>\n\n\n\n<div style=\"height:100px\" aria-hidden=\"true\" class=\"wp-block-spacer\"><\/div>\n\n\n\n<div class=\"wp-block-columns is-layout-flex wp-container-core-columns-is-layout-28f84493 wp-block-columns-is-layout-flex\">\n<div class=\"wp-block-column is-layout-flow wp-block-column-is-layout-flow\"><h2 class=\"wp-block-heading\" id=\"seo-translation\">SEO-\u00dcbersetzung<\/h2>\n\n\n<figure class=\"wp-block-image size-large\"><img loading=\"lazy\" decoding=\"async\" width=\"1024\" height=\"637\" src=\"https:\/\/modilingua.com\/wp-content\/uploads\/2023\/06\/undraw_Search_engines_ij7q-1024x637.png\" alt=\"Illustration von Undraw\" class=\"wp-image-1502\" srcset=\"\" sizes=\"auto, (max-width: 1024px) 100vw, 1024px\" data-srcset=\"\" \/><\/figure>\n<\/div>\n\n\n\n<div class=\"wp-block-column is-layout-flow wp-block-column-is-layout-flow\"><h3 class=\"wp-block-heading has-medium-font-size\" style=\"font-style:normal;font-weight:700\" id=\"understanding-your-audience\">Die Zielgruppe verstehen<\/h3>\n\n\n<p style=\"margin-top:var(--wp--preset--spacing--10);margin-bottom:var(--wp--preset--spacing--60)\">Schl\u00fcsselw\u00f6rter spielen zwar eine wichtige Rolle bei der Suchmaschinenoptimierung (SEO), doch dazu geh\u00f6rt auch, Nutzerverhalten, kulturelle Feinheiten und sich st\u00e4ndig \u00e4ndernde Suchmaschinenalgorithmen zu verstehen. Ich konzentriere mich auf diese Aspekte, um \u00dcbersetzungen zu liefern, die Ihre Zielgruppe im Internet auch tats\u00e4chlich findet.<\/p>\n\n\n\n<div style=\"height:10px\" aria-hidden=\"true\" class=\"wp-block-spacer\"><\/div>\n\n\n<h3 class=\"wp-block-heading has-medium-font-size\" style=\"font-style:normal;font-weight:700\" id=\"enhanced-search-engine-visibility\">Bessere Sichtbarkeit in Suchmaschinen<\/h3>\n\n\n<p style=\"margin-top:var(--wp--preset--spacing--10);margin-bottom:0\">Mein SEO-\u00dcbersetzungsservice stellt sicher, dass Ihre Inhalte nicht nur akkurat \u00fcbersetzt, sondern auch f\u00fcr die Suchmaschinen Ihrer Zielm\u00e4rkte optimiert werden. Das bedeutet, dass Ihre Website in den Suchergebnissen h\u00f6her platziert werden kann, mit der Aussicht auf mehr Besucher und potenzielle Kunden.<\/p>\n<\/div>\n<\/div>\n\n\n\n<div style=\"height:100px\" aria-hidden=\"true\" class=\"wp-block-spacer\"><\/div>\n\n\n\n<div class=\"wp-block-columns is-layout-flex wp-container-core-columns-is-layout-28f84493 wp-block-columns-is-layout-flex\">\n<div class=\"wp-block-column is-layout-flow wp-block-column-is-layout-flow\"><h2 class=\"wp-block-heading\" id=\"social-media-translation\">Social-Media-\u00dcbersetzung<\/h2>\n\n\n<figure class=\"wp-block-image size-full\"><img loading=\"lazy\" decoding=\"async\" width=\"719\" height=\"543\" src=\"https:\/\/modilingua.com\/wp-content\/uploads\/2023\/06\/undraw_Social_thinking_re_y8cc.png\" alt=\"Illustration von Undraw\" class=\"wp-image-1508\" srcset=\"https:\/\/modilingua.com\/wp-content\/uploads\/2023\/06\/undraw_Social_thinking_re_y8cc.png 719w, https:\/\/modilingua.com\/wp-content\/uploads\/2023\/06\/undraw_Social_thinking_re_y8cc-300x227.png 300w\" sizes=\"auto, (max-width: 719px) 100vw, 719px\" \/><\/figure>\n<\/div>\n\n\n\n<div class=\"wp-block-column is-layout-flow wp-block-column-is-layout-flow\"><h3 class=\"wp-block-heading has-medium-font-size\" style=\"font-style:normal;font-weight:700\" id=\"optimizing-content-across-socials\">Inhaltsoptimierung f\u00fcr soziale Netzwerke<\/h3>\n\n\n<p style=\"margin-top:var(--wp--preset--spacing--10);margin-bottom:var(--wp--preset--spacing--60)\">Soziale Medien machen Ihre Marke weit \u00fcber die Landesgrenzen hinaus bekannt, und eine sorgf\u00e4ltige \u00dcbersetzung ist unerl\u00e4sslich, um Ton und Intention zu wahren. Ich habe mich darauf spezialisiert, Social-Media-Kampagnen so zu \u00fcbersetzen, dass sie kulturell angemessen sind und Ihrer Marke eine gr\u00f6\u00dfere Reichweite verleihen k\u00f6nnen.<\/p>\n\n\n\n<div style=\"height:10px\" aria-hidden=\"true\" class=\"wp-block-spacer\"><\/div>\n\n\n<h3 class=\"wp-block-heading has-medium-font-size\" style=\"font-style:normal;font-weight:700\" id=\"growing-followers-worldwide\">Fangemeinde vergr\u00f6\u00dfern<\/h3>\n\n\n<p style=\"margin-top:var(--wp--preset--spacing--10);margin-bottom:0\">Eine effektive \u00dcbersetzung f\u00fcr soziale Medien erfordert nuancierte Anpassungen, die den kulturellen Kontext ber\u00fccksichtigen und die Klarheit der Ursprungsbotschaft wahren. Ich optimiere Ihre Social-Media-Kampagnen, um eine tiefe Verbindung mit verschiedenen Zielgruppen zu schaffen und deren Engagement zu steigern.<\/p>\n<\/div>\n<\/div>\n\n\n\n<div style=\"height:100px\" aria-hidden=\"true\" class=\"wp-block-spacer\"><\/div>\n\n\n\n<div class=\"wp-block-columns is-layout-flex wp-container-core-columns-is-layout-28f84493 wp-block-columns-is-layout-flex\">\n<div class=\"wp-block-column is-layout-flow wp-block-column-is-layout-flow\"><h2 class=\"wp-block-heading\" id=\"specialized-translation\">Fach\u00fcbersetzung<\/h2>\n\n\n<figure class=\"wp-block-image size-large\"><img loading=\"lazy\" decoding=\"async\" width=\"1024\" height=\"713\" src=\"https:\/\/modilingua.com\/wp-content\/uploads\/2023\/06\/undraw_Professor_re_mj1s-1024x713.png\" alt=\"Illustration von Undraw\" class=\"wp-image-1387\" srcset=\"\" sizes=\"auto, (max-width: 1024px) 100vw, 1024px\" data-srcset=\"\" \/><\/figure>\n<\/div>\n\n\n\n<div class=\"wp-block-column is-layout-flow wp-block-column-is-layout-flow\"><h3 class=\"wp-block-heading has-medium-font-size\" style=\"font-style:normal;font-weight:700\" id=\"speaking-your-lingo\">Ihre Fachsprache auf den Punkt gebracht<\/h3>\n\n\n<p style=\"margin-top:var(--wp--preset--spacing--10);margin-bottom:var(--wp--preset--spacing--60)\">Als Spezialistin f\u00fcr \u00dcbersetzungen ins britische und amerikanische Englisch mit den Schwerpunkten IT, Marketing und SaaS wei\u00df ich, dass keine Branche der anderen gleicht. Ob IT-Jargon, Marketingbegriffe oder SaaS-Terminologie - ich sorge daf\u00fcr, dass Ihr Fachjargon pr\u00e4zise \u00fcbersetzt wird.<\/p>\n\n\n\n<div style=\"height:10px\" aria-hidden=\"true\" class=\"wp-block-spacer\"><\/div>\n\n\n<h3 class=\"wp-block-heading has-medium-font-size\" style=\"font-style:normal;font-weight:700\" id=\"expanding-your-language-portfolio\">Erweiterung Ihres Sprachangebots<\/h3>\n\n\n<p style=\"margin-top:var(--wp--preset--spacing--10);margin-bottom:0\">Wenn Sie \u00dcbersetzungen in weitere Sprachen ben\u00f6tigen, greife ich auf mein gro\u00dfes Netzwerk professioneller muttersprachlicher Fach\u00fcbersetzer zur\u00fcck. Mit pr\u00e4zisen, mehrsprachigen Fach\u00fcbersetzungen fungiere ich als Ihr Tor zu einem internationalen Publikum und einer Welt potenzieller neuer Nutzer.<\/p>\n<\/div>\n<\/div>\n\n\n\n<div style=\"height:20px\" aria-hidden=\"true\" class=\"wp-block-spacer\"><\/div>\n\n\n\n<div class=\"wp-block-buttons is-content-justification-center is-layout-flex wp-container-core-buttons-is-layout-a89b3969 wp-block-buttons-is-layout-flex\">\n<div class=\"wp-block-button has-custom-width wp-block-button__width-50\"><a class=\"wp-block-button__link wp-element-button\" href=\"https:\/\/modilingua.com\/de\/leistungen\/\">Alle Leistungen \u2192<\/a><\/div>\n<\/div>\n\n\n\n<div style=\"height:100px\" aria-hidden=\"true\" class=\"wp-block-spacer\"><\/div>\n\n\n\n<div class=\"wp-block-group has-background-secondary-background-color has-background is-layout-constrained wp-container-core-group-is-layout-6c0cbf42 wp-block-group-is-layout-constrained\" style=\"border-radius:8px;padding-top:var(--wp--preset--spacing--70);padding-right:var(--wp--preset--spacing--70);padding-bottom:var(--wp--preset--spacing--70);padding-left:var(--wp--preset--spacing--70)\"><h2 class=\"wp-block-heading\" style=\"margin-top:0;margin-bottom:0\" id=\"lets-boost-your-international-reach\">Steigern wir Ihre internationale Reichweite.<\/h2>\n\n\n<p style=\"margin-top:var(--wp--preset--spacing--30);margin-bottom:var(--wp--preset--spacing--60);line-height:1.5\">Kontaktieren Sie mich, um ein unverbindliches Erstgespr\u00e4ch f\u00fcr Ihr Website-\u00dcbersetzungsprojekt zu vereinbaren, einen Kostenvoranschlag f\u00fcr SEO-\u00dcbersetzungen oder eine professionelle muttersprachliche Deutsch-Englisch-\u00dcbersetzung anzufordern. Ich freue mich auf Ihre Nachricht.<\/p>\n\n\n\n<div class=\"wp-block-buttons is-layout-flex wp-block-buttons-is-layout-flex\">\n<div class=\"wp-block-button is-style-fill\"><a class=\"wp-block-button__link has-primary-color has-secondary-background-color has-text-color has-background wp-element-button\" href=\"https:\/\/modilingua.com\/de\/kontakt\/\">Kontakt aufnehmen \u2192<\/a><\/div>\n<\/div>\n<\/div>\n\n\n\n<div style=\"height:100px\" aria-hidden=\"true\" class=\"wp-block-spacer\"><\/div>","protected":false},"excerpt":{"rendered":"<p>Professional Native Speaker Translation Service The advantages are obvious. If you want to communicate effectively with customers around the world, you need a reliable partner for native-speaker quality English content as your starting point. Choosing the right translation service is more than just converting words from one language to another. You want someone who can [&hellip;]<\/p>\n","protected":false},"author":3,"featured_media":0,"parent":1348,"menu_order":0,"comment_status":"closed","ping_status":"closed","template":"","meta":{"_seopress_robots_primary_cat":"","_seopress_titles_title":"Professional Native Speaker Translation Service for Startups","_seopress_titles_desc":"Professional native speaker translations. English translation service for startups, IT, and SaaS to connect you with the world. German marketing translations.","_seopress_robots_index":"","footnotes":""},"class_list":["post-1370","page","type-page","status-publish"],"_links":{"self":[{"href":"https:\/\/modilingua.com\/de\/wp-json\/wp\/v2\/pages\/1370","targetHints":{"allow":["GET"]}}],"collection":[{"href":"https:\/\/modilingua.com\/de\/wp-json\/wp\/v2\/pages"}],"about":[{"href":"https:\/\/modilingua.com\/de\/wp-json\/wp\/v2\/types\/page"}],"author":[{"embeddable":true,"href":"https:\/\/modilingua.com\/de\/wp-json\/wp\/v2\/users\/3"}],"replies":[{"embeddable":true,"href":"https:\/\/modilingua.com\/de\/wp-json\/wp\/v2\/comments?post=1370"}],"version-history":[{"count":5,"href":"https:\/\/modilingua.com\/de\/wp-json\/wp\/v2\/pages\/1370\/revisions"}],"predecessor-version":[{"id":14622,"href":"https:\/\/modilingua.com\/de\/wp-json\/wp\/v2\/pages\/1370\/revisions\/14622"}],"up":[{"embeddable":true,"href":"https:\/\/modilingua.com\/de\/wp-json\/wp\/v2\/pages\/1348"}],"wp:attachment":[{"href":"https:\/\/modilingua.com\/de\/wp-json\/wp\/v2\/media?parent=1370"}],"curies":[{"name":"wp","href":"https:\/\/api.w.org\/{rel}","templated":true}]}}