{"id":1348,"date":"2023-08-03T21:26:28","date_gmt":"2023-08-03T19:26:28","guid":{"rendered":"https:\/\/modilingua.com\/?page_id=1348"},"modified":"2026-03-18T10:51:16","modified_gmt":"2026-03-18T09:51:16","slug":"services","status":"publish","type":"page","link":"https:\/\/modilingua.com\/de\/leistungen\/","title":{"rendered":"Leistungen"},"content":{"rendered":"<div class=\"wp-block-group alignwide is-layout-flow wp-block-group-is-layout-flow\">\n<div class=\"wp-block-columns are-vertically-aligned-center is-layout-flex wp-container-core-columns-is-layout-28f84493 wp-block-columns-is-layout-flex\">\n<div class=\"wp-block-column is-layout-constrained wp-container-core-column-is-layout-168780b0 wp-block-column-is-layout-constrained\">\n<div class=\"wp-block-columns are-vertically-aligned-bottom is-layout-flex wp-container-core-columns-is-layout-e477a36d wp-block-columns-is-layout-flex\" style=\"padding-bottom:var(--wp--preset--spacing--60)\">\n<div class=\"wp-block-column is-vertically-aligned-bottom is-layout-flow wp-block-column-is-layout-flow\"><h1 class=\"wp-block-heading translation-block\" style=\"line-height:1.3\" id=\"language-solutions-for-startups-amp-smbs\"><strong>Sprachdienste f\u00fcr Start-ups und KMU<\/strong><\/h1>\n\n\n<div class=\"wp-block-buttons is-layout-flex wp-block-buttons-is-layout-flex\">\n<div class=\"wp-block-button is-style-fill\"><a class=\"wp-block-button__link has-primary-color has-secondary-background-color has-text-color has-background wp-element-button\" href=\"https:\/\/modilingua.com\/de\/kontakt\/\">Nehmen Sie noch heute Kontakt auf -&gt;<\/a><\/div>\n<\/div>\n<\/div>\n\n\n\n<div class=\"wp-block-column is-vertically-aligned-bottom is-layout-flow wp-block-column-is-layout-flow\">\n<p class=\"has-text-align-left\">Gestalten Sie Ihren Weg zu globalem Wachstum mit ma\u00dfgeschneiderten Sprachl\u00f6sungen f\u00fcr Start-ups, kleine und mittlere Unternehmen und Existenzgr\u00fcnder.<\/p>\n\n\n\n<p class=\"has-text-align-left\">Als Lokalisierungsexperte aus der Tech-Industrie biete ich Beratung, \u00dcbersetzung, Lokalisierung sowie skalierbare, KI-gest\u00fctzte Content-Strategien und Sprachl\u00f6sungen speziell f\u00fcr Jungunternehmen an.<\/p>\n<\/div>\n<\/div>\n\n\n\n<figure class=\"wp-block-image aligncenter size-large\"><img loading=\"lazy\" decoding=\"async\" width=\"1024\" height=\"628\" src=\"https:\/\/modilingua.com\/wp-content\/uploads\/2023\/06\/undraw_Work_chat_re_qes4-1024x628.png\" alt=\"Lokalisierung f\u00fcr Start-ups und KMU Illustration\" class=\"wp-image-1396\" srcset=\"\" sizes=\"auto, (max-width: 1024px) 100vw, 1024px\" data-srcset=\"\" \/><\/figure>\n\n\n\n<div style=\"height:100px\" aria-hidden=\"true\" class=\"wp-block-spacer\"><\/div>\n\n\n<h2 class=\"wp-block-heading\" id=\"localization-translation-content-and-consulting-services-that-propel-growth\">Lokalisierung, \u00dcbersetzung, Content und Beratung  f\u00fcr Ihre Expansion<\/h2>\n\n\n<p>Sch\u00f6pfen Sie aus einem speziellen Angebot an Strategien und Sprachl\u00f6sungen in vier Kernbereichen f\u00fcr Start-ups und kleine Unternehmen, um neue M\u00e4rkte zu erschlie\u00dfen, kulturelle Unterschiede zu \u00fcberwinden und Ihr Gesch\u00e4ft auszubauen.<\/p>\n\n\n\n<p>Sparen Sie sich die hohen Kosten einer gro\u00dfen Agentur und profitieren Sie stattdessen von einem pers\u00f6nlichen Service direkt von einem <a href=\"https:\/\/modilingua.com\/de\/ueber\/\">Branchenexperten<\/a>.<\/p>\n\n\n\n<div style=\"height:100px\" aria-hidden=\"true\" class=\"wp-block-spacer\"><\/div>\n\n\n\n<div class=\"wp-block-group has-background-color has-primary-background-color has-text-color has-background is-layout-constrained wp-container-core-group-is-layout-a2a97982 wp-block-group-is-layout-constrained\" style=\"border-radius:8px;padding-top:var(--wp--preset--spacing--70);padding-right:var(--wp--preset--spacing--70);padding-bottom:var(--wp--preset--spacing--70);padding-left:var(--wp--preset--spacing--70)\">\n<div class=\"wp-block-columns is-layout-flex wp-container-core-columns-is-layout-28f84493 wp-block-columns-is-layout-flex\">\n<div class=\"wp-block-column is-layout-flow wp-block-column-is-layout-flow\"><h2 class=\"wp-block-heading has-extra-large-font-size\" id=\"international-development\">Internationale Entwicklung<\/h2><\/div>\n\n\n\n<div class=\"wp-block-column is-layout-flow wp-block-column-is-layout-flow\"><h3 class=\"wp-block-heading has-medium-font-size\" style=\"font-style:normal;font-weight:700\" id=\"localization-consulting-%25e2%2586%2592\"><a href=\"https:\/\/modilingua.com\/de\/leistungen\/beratung\/#localization-consulting\" class=\"ek-link\">Lokalisierungsberatung \u2192<\/a><\/h3>\n\n\n<p style=\"margin-top:var(--wp--preset--spacing--10);margin-bottom:var(--wp--preset--spacing--60)\">Mit einer ma\u00dfgeschneiderten Lokalisierungsstrategie zur Erstellung und Optimierung Ihrer Roadmap, Ressourcen, Programmverwaltung und Automatisierung erzielen Sie schnell skalierbare internationale Erfolge.<\/p>\n\n\n<h3 class=\"wp-block-heading has-medium-font-size\" style=\"font-style:normal;font-weight:700\" id=\"global-market-kickstart-%25e2%2586%2592\"><a href=\"https:\/\/modilingua.com\/de\/leistungen\/beratung\/#global-market-kickstart\" class=\"ek-link\">Internationaler Markteintritt <\/a><a href=\"https:\/\/modilingua.com\/de\/leistungen\/beratung\/#localization-consulting\" class=\"ek-link\">\u2192<\/a><\/h3>\n\n\n<p style=\"margin-top:var(--wp--preset--spacing--10);margin-bottom:var(--wp--preset--spacing--60)\">Erhalten Sie die Marktforschung, die Sie ben\u00f6tigen, um fundierte Entscheidungen zu treffen, und erschlie\u00dfen Sie neue M\u00e4rkte mit einem starken Partner an Ihrer Seite, der Sie bei der zeitweisen Leitung von Sprachoperationen und beim internationalen Produktmanagement optimal unterst\u00fctzt.<\/p>\n\n\n<h3 class=\"wp-block-heading has-medium-font-size\" style=\"font-style:normal;font-weight:700\" id=\"culturalization-%25e2%2586%2592\"><a href=\"https:\/\/modilingua.com\/de\/leistungen\/beratung\/#culturalization\" class=\"ek-link\">Kulturalisierung <\/a><a href=\"https:\/\/modilingua.com\/de\/leistungen\/beratung\/#localization-consulting\" class=\"ek-link\">\u2192<\/a><\/h3>\n\n\n<p style=\"margin-top:var(--wp--preset--spacing--10);margin-bottom:var(--wp--preset--spacing--60)\">\u00dcberbr\u00fccken Sie kulturelle Unterschiede, minimieren Sie Risiken und passen Sie sich an diverse M\u00e4rkte an mit Inhaltsaudits, Evaluierungen und redaktionellen Strategien zur Erstellung kulturell relevanter Inhalte.<\/p>\n\n\n<h3 class=\"wp-block-heading has-medium-font-size\" style=\"font-style:normal;font-weight:700\" id=\"multilingual-social-media-%25e2%2586%2592\"><a href=\"https:\/\/modilingua.com\/de\/leistungen\/beratung\/#multilingual-socials\" class=\"ek-link\"><strong>Mehrsprachige Social-Media-Strategie<\/strong> <\/a><a href=\"https:\/\/modilingua.com\/de\/leistungen\/beratung\/#localization-consulting\" class=\"ek-link\">\u2192<\/a><\/h3>\n\n\n<p style=\"margin-top:var(--wp--preset--spacing--10);margin-bottom:0\">Entwickeln Sie eine differenzierte mehrsprachige Strategie f\u00fcr Ihren Social-Media-Auftritt, um Ihre Pr\u00e4senz auf internationalen M\u00e4rkten zu verbessern.<\/p>\n<\/div>\n<\/div>\n<\/div>\n<\/div>\n<\/div>\n\n\n\n<div style=\"height:40px\" aria-hidden=\"true\" class=\"wp-block-spacer\"><\/div>\n\n\n\n<div class=\"wp-block-group has-background-color has-primary-background-color has-text-color has-background is-layout-constrained wp-container-core-group-is-layout-a2a97982 wp-block-group-is-layout-constrained\" style=\"border-radius:8px;padding-top:var(--wp--preset--spacing--70);padding-right:var(--wp--preset--spacing--70);padding-bottom:var(--wp--preset--spacing--70);padding-left:var(--wp--preset--spacing--70)\">\n<div class=\"wp-block-columns is-layout-flex wp-container-core-columns-is-layout-28f84493 wp-block-columns-is-layout-flex\">\n<div class=\"wp-block-column is-layout-flow wp-block-column-is-layout-flow\"><h2 class=\"wp-block-heading has-extra-large-font-size\" id=\"localization-services\">Lokalisierungs-Service<\/h2><\/div>\n\n\n\n<div class=\"wp-block-column is-layout-flow wp-block-column-is-layout-flow\"><h3 class=\"wp-block-heading has-medium-font-size\" style=\"font-style:normal;font-weight:700\" id=\"app-localization-%25e2%2586%2592\"><a href=\"https:\/\/modilingua.com\/de\/leistungen\/lokalisierung\/#app-localization\" class=\"ek-link\">App-Lokalisierung <\/a><a href=\"https:\/\/modilingua.com\/de\/leistungen\/beratung\/#localization-consulting\" class=\"ek-link\">\u2192<\/a><\/h3>\n\n\n<p style=\"margin-top:var(--wp--preset--spacing--10);margin-bottom:var(--wp--preset--spacing--60)\">Erweitern Sie die Reichweite Ihrer App mit professionellen Lokalisierungsdiensten. Gewinnen Sie neue Nutzer, steigern Sie Ihre Download-Zahlen und erreichen Sie ein globales Publikum mit kulturell relevanten \u00dcbersetzungen.<\/p>\n\n\n<h3 class=\"wp-block-heading has-medium-font-size\" id=\"social-media-localization-%25e2%2586%2592\"><a href=\"https:\/\/modilingua.com\/de\/leistungen\/lokalisierung\/#social-media-localization\" class=\"ek-link\">Social Media Lokalisierung <\/a><a href=\"https:\/\/modilingua.com\/de\/leistungen\/beratung\/#localization-consulting\" class=\"ek-link\">\u2192<\/a><\/h3>\n\n\n<p style=\"margin-top:var(--wp--preset--spacing--10);margin-bottom:var(--wp--preset--spacing--60)\">Steigern Sie die Anziehungskraft Ihrer Marke mit ma\u00dfgeschneiderten Inhalten, die kulturelles Interesse wecken, das Engagement steigern und Ihre Follower weltweit erreichen.<\/p>\n\n\n<h3 class=\"wp-block-heading has-medium-font-size\" style=\"font-style:normal;font-weight:700\" id=\"software-localization-%25e2%2586%2592\"><a href=\"https:\/\/modilingua.com\/de\/leistungen\/lokalisierung\/#software-localization\" class=\"ek-link\">Software-Lokalisierung <\/a><a href=\"https:\/\/modilingua.com\/de\/leistungen\/beratung\/#localization-consulting\" class=\"ek-link\">\u2192<\/a><\/h3>\n\n\n<p style=\"margin-top:var(--wp--preset--spacing--10);margin-bottom:var(--wp--preset--spacing--60)\">Erschlie\u00dfen Sie weltweit neue M\u00e4rkte mit professioneller Lokalisierung. Begeistern und binden Sie globale Anwender und treiben Sie Ihren Erfolg mit den Vorteilen einer lokalisierten Benutzeroberfl\u00e4che voran.<\/p>\n\n\n<h3 class=\"wp-block-heading has-medium-font-size\" style=\"font-style:normal;font-weight:700\" id=\"marketing-localization-%25e2%2586%2592\"><a href=\"https:\/\/modilingua.com\/de\/leistungen\/lokalisierung\/#marketing-localization\" class=\"ek-link\">Marketing-Lokalisierung <\/a><a href=\"https:\/\/modilingua.com\/de\/leistungen\/beratung\/#localization-consulting\" class=\"ek-link\">\u2192<\/a><\/h3>\n\n\n<p style=\"margin-top:var(--wp--preset--spacing--10);margin-bottom:0\">Maximieren Sie die Wirkung Ihres Marketings, indem Sie die Sprache Ihrer Nutzer sprechen. Steigern Sie die Interaktion, erh\u00f6hen Sie die Konversionsrate und bauen Sie Ihre Marke mit kulturell relevanten und lokalisierten Inhalten auf.<\/p>\n<\/div>\n<\/div>\n<\/div>\n\n\n\n<div style=\"height:40px\" aria-hidden=\"true\" class=\"wp-block-spacer\"><\/div>\n\n\n\n<div class=\"wp-block-group has-background-color has-primary-background-color has-text-color has-background is-layout-constrained wp-container-core-group-is-layout-a2a97982 wp-block-group-is-layout-constrained\" style=\"border-radius:8px;padding-top:var(--wp--preset--spacing--70);padding-right:var(--wp--preset--spacing--70);padding-bottom:var(--wp--preset--spacing--70);padding-left:var(--wp--preset--spacing--70)\">\n<div class=\"wp-block-columns is-layout-flex wp-container-core-columns-is-layout-28f84493 wp-block-columns-is-layout-flex\">\n<div class=\"wp-block-column is-layout-flow wp-block-column-is-layout-flow\"><h2 class=\"wp-block-heading has-extra-large-font-size\" id=\"nativespeaker-translation-services\">\u00dcbersetzungen von und f\u00fcr Muttersprachler<\/h2><\/div>\n\n\n\n<div class=\"wp-block-column is-layout-flow wp-block-column-is-layout-flow\"><h3 class=\"wp-block-heading has-medium-font-size\" style=\"font-style:normal;font-weight:700\" id=\"seo-translation-%25e2%2586%2592\"><a href=\"https:\/\/modilingua.com\/de\/leistungen\/uebersetzung\/#seo-translation\" class=\"ek-link\">SEO-\u00dcbersetzung <\/a><a href=\"https:\/\/modilingua.com\/de\/leistungen\/beratung\/#localization-consulting\" class=\"ek-link\">\u2192<\/a><\/h3>\n\n\n<p style=\"margin-top:var(--wp--preset--spacing--10);margin-bottom:var(--wp--preset--spacing--60)\">Verschaffen Sie sich einen Wettbewerbsvorteil durch effiziente SEO-\u00dcbersetzungen. Verbessern Sie das Ranking Ihrer Landingpage in Suchmaschinen, ziehen Sie mehr Traffic an und steigern Sie die Konversion.<\/p>\n\n\n<h3 class=\"wp-block-heading has-medium-font-size\" style=\"font-style:normal;font-weight:700\" id=\"website-translation-%25e2%2586%2592\"><a href=\"https:\/\/modilingua.com\/de\/leistungen\/uebersetzung\/#website-translation\" class=\"ek-link\">Website-\u00dcbersetzung <\/a><a href=\"https:\/\/modilingua.com\/de\/leistungen\/beratung\/#localization-consulting\" class=\"ek-link\">\u2192<\/a><\/h3>\n\n\n<p style=\"margin-top:var(--wp--preset--spacing--10);margin-bottom:var(--wp--preset--spacing--60)\">Erschlie\u00dfen Sie neue Gesch\u00e4ftsfelder mit professionellen Website-\u00dcbersetzungen. Erreichen Sie mehr Kunden, generieren Sie mehr Umsatz und erweitern Sie die Reichweite Ihrer Marke - alles durch die Kraft der Sprache.<\/p>\n\n\n<h3 class=\"wp-block-heading has-medium-font-size\" style=\"font-style:normal;font-weight:700\" id=\"social-media-translation-%25e2%2586%2592\"><a href=\"https:\/\/modilingua.com\/de\/leistungen\/uebersetzung\/#social-media-translation\" class=\"ek-link\">Social-Media-\u00dcbersetzung <\/a><a href=\"https:\/\/modilingua.com\/de\/leistungen\/beratung\/#localization-consulting\" class=\"ek-link\">\u2192<\/a><\/h3>\n\n\n<p style=\"margin-top:var(--wp--preset--spacing--10);margin-bottom:var(--wp--preset--spacing--60)\">Erh\u00f6hen Sie Ihre Reichweite mit \u00fcbersetzten Social-Media-Kampagnen, die den Ton Ihrer Marke treffen, ein internationales Publikum ansprechen und Ihre Fangemeinde vergr\u00f6\u00dfern.<\/p>\n\n\n<h3 class=\"wp-block-heading has-medium-font-size\" style=\"font-style:normal;font-weight:700\" id=\"specialist-translation-%25e2%2586%2592\"><a href=\"https:\/\/modilingua.com\/de\/leistungen\/uebersetzung\/#specialized-translation\" class=\"ek-link\">Fach\u00fcbersetzung <\/a><a href=\"https:\/\/modilingua.com\/de\/leistungen\/beratung\/#localization-consulting\" class=\"ek-link\">\u2192<\/a><\/h3>\n\n\n<p style=\"margin-top:var(--wp--preset--spacing--10);margin-bottom:0\">Erhalten Sie professionelle englische \u00dcbersetzungen f\u00fcr Ihre Technologie- und Marketinginhalte. Effektiv und in muttersprachlicher Qualit\u00e4t f\u00fcr Newsletter, Software-Dokumentation, Pressemitteilungen und mehr.<\/p>\n<\/div>\n<\/div>\n<\/div>\n\n\n\n<div style=\"height:40px\" aria-hidden=\"true\" class=\"wp-block-spacer\"><\/div>\n\n\n\n<div class=\"wp-block-group has-background-color has-primary-background-color has-text-color has-background is-layout-constrained wp-container-core-group-is-layout-a2a97982 wp-block-group-is-layout-constrained\" style=\"border-radius:8px;padding-top:var(--wp--preset--spacing--70);padding-right:var(--wp--preset--spacing--70);padding-bottom:var(--wp--preset--spacing--70);padding-left:var(--wp--preset--spacing--70)\">\n<div class=\"wp-block-columns is-layout-flex wp-container-core-columns-is-layout-28f84493 wp-block-columns-is-layout-flex\">\n<div class=\"wp-block-column is-layout-flow wp-block-column-is-layout-flow\"><h2 class=\"wp-block-heading has-extra-large-font-size\" id=\"editorial-services-amp-content-solutions\">Redaktionelle Dienste und Content-Optimierung<\/h2><\/div>\n\n\n\n<div class=\"wp-block-column is-layout-flow wp-block-column-is-layout-flow\"><h3 class=\"wp-block-heading has-medium-font-size\" style=\"font-style:normal;font-weight:700\" id=\"multilingual-social-content-%25e2%2586%2592\"><a href=\"https:\/\/modilingua.com\/de\/leistungen\/content\/#multilingual-content\" class=\"ek-link\">Mehrsprachige Inhalte f\u00fcr soziale Medien <\/a><a href=\"https:\/\/modilingua.com\/de\/leistungen\/beratung\/#localization-consulting\" class=\"ek-link\">\u2192<\/a><\/h3>\n\n\n<p style=\"margin-top:var(--wp--preset--spacing--10);margin-bottom:var(--wp--preset--spacing--60)\">Erstellen Sie \u00fcberzeugende mehrsprachige Inhalte f\u00fcr Ihre Social-Media-Kan\u00e4le, die aus Aufrufen engagierte Follower machen.<\/p>\n\n\n<h3 class=\"wp-block-heading has-medium-font-size\" style=\"font-style:normal;font-weight:700\" id=\"ai-content-editing-%25e2%2586%2592\"><a href=\"https:\/\/modilingua.com\/de\/leistungen\/content\/#ai-editing\" class=\"ek-link\">KI-Lektorat <\/a><a href=\"https:\/\/modilingua.com\/de\/leistungen\/beratung\/#localization-consulting\" class=\"ek-link\">\u2192<\/a><\/h3>\n\n\n<p style=\"margin-top:var(--wp--preset--spacing--10);margin-bottom:var(--wp--preset--spacing--60)\">Nutzen Sie das Beste aus beiden Welten mit der Nachbearbeitung von KI-generierten Inhalten. Verbessern Sie die Genauigkeit, Lesbarkeit und Faktentreue durch professionelles Lektorat.<\/p>\n\n\n<h3 class=\"wp-block-heading has-medium-font-size\" style=\"font-style:normal;font-weight:700\" id=\"professional-copy-editing-%25e2%2586%2592\"><a href=\"https:\/\/modilingua.com\/de\/leistungen\/content\/#copy-editing\" class=\"ek-link\">Fachlektorat <\/a><a href=\"https:\/\/modilingua.com\/de\/leistungen\/beratung\/#localization-consulting\" class=\"ek-link\">\u2192<\/a><\/h3>\n\n\n<p style=\"margin-top:var(--wp--preset--spacing--10);margin-bottom:var(--wp--preset--spacing--60)\">Sorgen Sie mit einem professionellen Textlektorat daf\u00fcr, dass Ihre Inhalte qualitativ hochwertig und fehlerfrei sind. Verbessern Sie die Klarheit, Lesbarkeit und Wirkung Ihrer Inhalte.<\/p>\n\n\n<h3 class=\"wp-block-heading has-medium-font-size\" style=\"font-style:normal;font-weight:700\" id=\"seo-content-creation-%25e2%2586%2592\"><a href=\"https:\/\/modilingua.com\/de\/leistungen\/content\/#editorial-seo\" class=\"ek-link\">Erstellung von SEO-Inhalten <\/a><a href=\"https:\/\/modilingua.com\/de\/leistungen\/beratung\/#localization-consulting\" class=\"ek-link\">\u2192<\/a><\/h3>\n\n\n<p style=\"margin-top:var(--wp--preset--spacing--10);margin-bottom:0\">Generieren Sie organischen Traffic und erh\u00f6hen Sie die Sichtbarkeit Ihrer Inhalte durch redaktionelles SEO und suchmaschinenoptimierte Inhalte. Erreichen Sie Ihre Marketingziele mit mehr Sichtbarkeit und Klicks.<\/p>\n<\/div>\n<\/div>\n<\/div>\n<\/div>\n\n\n\n<div style=\"height:40px\" aria-hidden=\"true\" class=\"wp-block-spacer\"><\/div>\n\n\n\n<p class=\"has-text-align-center\">Mit strategischem Content zum Unternehmenserfolg.<\/p>\n\n\n\n<div class=\"wp-block-buttons is-content-justification-center is-layout-flex wp-container-core-buttons-is-layout-a89b3969 wp-block-buttons-is-layout-flex\">\n<div class=\"wp-block-button has-custom-font-size is-style-outline has-large-font-size is-style-outline--1\"><a class=\"wp-block-button__link has-secondary-background-color has-background wp-element-button\" href=\"https:\/\/modilingua.com\/de\/kontakt\/\">Vereinbaren Sie ein kostenloses Erstgespr\u00e4ch<\/a><\/div>\n<\/div>\n\n\n\n<div style=\"height:100px\" aria-hidden=\"true\" class=\"wp-block-spacer\"><\/div>","protected":false},"excerpt":{"rendered":"<p>Language Solutions for Startups &amp; SMBs Customize your path to global growth with bespoke language solutions for startups, small and medium-sized businesses, and founders. As a language and localization expert from the tech industry, I provide consulting, translation, localization, and scalable, AI-driven content strategy services and language solutions for startups that help you succeed in [&hellip;]<\/p>\n","protected":false},"author":3,"featured_media":0,"parent":0,"menu_order":0,"comment_status":"closed","ping_status":"closed","template":"","meta":{"_seopress_robots_primary_cat":"","_seopress_titles_title":"Localization, Content &amp; Language Solutions for Startups","_seopress_titles_desc":"Take your product to new markets and delight international users with localized content and tailored language solutions for startups, small biz, and founders.","_seopress_robots_index":"","footnotes":""},"class_list":["post-1348","page","type-page","status-publish"],"_links":{"self":[{"href":"https:\/\/modilingua.com\/de\/wp-json\/wp\/v2\/pages\/1348","targetHints":{"allow":["GET"]}}],"collection":[{"href":"https:\/\/modilingua.com\/de\/wp-json\/wp\/v2\/pages"}],"about":[{"href":"https:\/\/modilingua.com\/de\/wp-json\/wp\/v2\/types\/page"}],"author":[{"embeddable":true,"href":"https:\/\/modilingua.com\/de\/wp-json\/wp\/v2\/users\/3"}],"replies":[{"embeddable":true,"href":"https:\/\/modilingua.com\/de\/wp-json\/wp\/v2\/comments?post=1348"}],"version-history":[{"count":5,"href":"https:\/\/modilingua.com\/de\/wp-json\/wp\/v2\/pages\/1348\/revisions"}],"predecessor-version":[{"id":14618,"href":"https:\/\/modilingua.com\/de\/wp-json\/wp\/v2\/pages\/1348\/revisions\/14618"}],"wp:attachment":[{"href":"https:\/\/modilingua.com\/de\/wp-json\/wp\/v2\/media?parent=1348"}],"curies":[{"name":"wp","href":"https:\/\/api.w.org\/{rel}","templated":true}]}}