{"id":1222,"date":"2022-12-22T21:20:57","date_gmt":"2022-12-22T20:20:57","guid":{"rendered":"https:\/\/modilingua.com\/?page_id=1222"},"modified":"2025-04-30T17:19:46","modified_gmt":"2025-04-30T15:19:46","slug":"content","status":"publish","type":"page","link":"https:\/\/modilingua.com\/de\/leistungen\/content\/","title":{"rendered":"Content"},"content":{"rendered":"<div class=\"wp-block-columns are-vertically-aligned-bottom is-layout-flex wp-container-core-columns-is-layout-e477a36d wp-block-columns-is-layout-flex\" style=\"padding-bottom:var(--wp--preset--spacing--60)\">\n<div class=\"wp-block-column is-vertically-aligned-bottom is-layout-flow wp-block-column-is-layout-flow\"><h1 class=\"wp-block-heading translation-block\" style=\"line-height:1.3\" id=\"editorial-amp-content-service\"><strong>Content-Service<\/strong> und Redaktion<\/h1>\n\n\n<div class=\"wp-block-buttons is-layout-flex wp-block-buttons-is-layout-flex\">\n<div class=\"wp-block-button\"><a class=\"wp-block-button__link has-primary-color has-secondary-background-color has-text-color has-background wp-element-button\" href=\"https:\/\/modilingua.com\/de\/kontakt\/\">Fordern Sie ein unverbindliches Angebot an -&gt;<\/a><\/div>\n<\/div>\n<\/div>\n\n\n\n<div class=\"wp-block-column is-vertically-aligned-bottom is-layout-flow wp-block-column-is-layout-flow\">\n<p>Die Behauptung \u201aContent is king\u2018 greift zu kurz. Wachstum entsteht nicht durch generische Inhalte, sondern durch relevanten Content mit Kontext und Zielgruppentreffer.<\/p>\n\n\n\n<p>KI-Tools haben zwar ihren Nutzen, aber um Ihre Zielgruppe zu erreichen und den einzigartigen Wert Ihrer Marke \u00fcberzeugend zu vermitteln, ist menschliche Expertise unerl\u00e4sslich.<\/p>\n\n\n\n<p>Mit meiner Arbeit im Bereich Redaktion und Content erhalten Sie genau das: \u00fcberzeugende, zielgruppenorientierte Inhalte, die zu messbaren Ergebnissen f\u00fchren. Lassen Sie uns Inhalte entwickeln, die Ihr Unternehmen wirklich voranbringen.<\/p>\n<\/div>\n<\/div>\n\n\n\n<figure class=\"wp-block-image aligncenter size-large\"><img loading=\"lazy\" decoding=\"async\" width=\"1024\" height=\"779\" src=\"https:\/\/modilingua.com\/wp-content\/uploads\/2023\/06\/undraw_Content_team_re_6rlg-1024x779.png\" alt=\"Content Service - Illustration\" class=\"wp-image-1504\" srcset=\"\" sizes=\"auto, (max-width: 1024px) 100vw, 1024px\" data-srcset=\"\" \/><\/figure>\n\n\n\n<div style=\"height:100px\" aria-hidden=\"true\" class=\"wp-block-spacer\"><\/div>\n\n\n\n<div class=\"wp-block-group alignfull has-background-color has-primary-background-color has-text-color has-background is-layout-constrained wp-container-core-group-is-layout-c9bfb9eb wp-block-group-is-layout-constrained\" style=\"border-radius:8px;padding-top:var(--wp--preset--spacing--70);padding-right:var(--wp--preset--spacing--70);padding-bottom:var(--wp--preset--spacing--70);padding-left:var(--wp--preset--spacing--70)\">\n<div class=\"wp-block-columns is-layout-flex wp-container-core-columns-is-layout-28f84493 wp-block-columns-is-layout-flex\">\n<div class=\"wp-block-column is-layout-flow wp-block-column-is-layout-flow\"><h2 class=\"wp-block-heading has-background-color has-text-color has-extra-large-font-size\" id=\"elevate-your-content-to-engage-your-audience\"><strong>Heben Sie Ihre Inhalte hervor, um Ihr Publikum zu begeistern<\/strong><\/h2><\/div>\n\n\n\n<div class=\"wp-block-column is-layout-flow wp-block-column-is-layout-flow\">\n<p>Qualitativ hochwertige Inhalte sind in der Online-Welt kein Luxus, sondern eine Notwendigkeit. Sie differenzieren Ihr Unternehmen von Ihren Mitbewerbern, geben Ihrer Marke eine Stimme, binden Ihr Publikum und \u00fcberzeugen potenzielle Kunden. Sie ist die Verbindung zwischen Ihrem Unternehmen und Ihrer Zielgruppe - doch die Erstellung von Inhalten verlangt Know-how, Zeit und tiefes Verst\u00e4ndnis f\u00fcr Ihre Marke und Ihren Markt.<\/p>\n\n\n\n<p>Hier kommen meine Redaktions- und Content-Services ins Spiel. Von der Nachbearbeitung maschineller \u00dcbersetzungen (<em>Machine Translation Post-Editing<\/em>, MTPE) \u00fcber das professionelle Lektorat von Inhalten bis hin zur Suchmaschinenoptimierung (SEO) helfe ich Ihnen dabei, aussagekr\u00e4ftige, \u00fcberzeugende und passgenaue Inhalte zu erstellen, die Ihr Publikum ansprechen, Ihre einzigartige Markenidentit\u00e4t widerspiegeln und die gew\u00fcnschten Ergebnisse erzielen.<\/p>\n\n\n\n<p>Ganz gleich, ob Sie ein Start-up-Unternehmen sind, das auf dem Markt wahrgenommen werden m\u00f6chte, oder ein etablierter Mittelst\u00e4ndler, der seine Online-Pr\u00e4senz und -Interaktion verbessern m\u00f6chte - mein redaktionelles Angebot ist speziell auf Ihre Bed\u00fcrfnisse zugeschnitten.<\/p>\n\n\n\n<p>Kommunizieren Sie nicht nur. Vernetzen, involvieren und inspirieren Sie mit Inhalten, die wirklich ankommen. <a href=\"https:\/\/modilingua.com\/de\/kontakt\/\" class=\"ek-link\">Kontaktieren Sie mich,<\/a> um Ihr Projekt zu besprechen und ein Angebot zu erhalten.<\/p>\n<\/div>\n<\/div>\n<\/div>\n\n\n\n<div style=\"height:100px\" aria-hidden=\"true\" class=\"wp-block-spacer\"><\/div>\n\n\n\n<div class=\"wp-block-columns is-layout-flex wp-container-core-columns-is-layout-28f84493 wp-block-columns-is-layout-flex\">\n<div class=\"wp-block-column is-layout-flow wp-block-column-is-layout-flow\"><h2 class=\"wp-block-heading\" id=\"multilingual-content\"><strong>Mehrsprachige Inhalte f\u00fcr soziale Medien<\/strong><\/h2>\n\n\n<figure class=\"wp-block-image size-full\"><img loading=\"lazy\" decoding=\"async\" width=\"991\" height=\"703\" src=\"https:\/\/modilingua.com\/wp-content\/uploads\/2023\/06\/undraw_Social_girl_re_kdrx.png\" alt=\"Illustration von Undraw\" class=\"wp-image-1390\" srcset=\"https:\/\/modilingua.com\/wp-content\/uploads\/2023\/06\/undraw_Social_girl_re_kdrx.png 991w, https:\/\/modilingua.com\/wp-content\/uploads\/2023\/06\/undraw_Social_girl_re_kdrx-300x213.png 300w, https:\/\/modilingua.com\/wp-content\/uploads\/2023\/06\/undraw_Social_girl_re_kdrx-768x545.png 768w\" sizes=\"auto, (max-width: 991px) 100vw, 991px\" \/><\/figure>\n<\/div>\n\n\n\n<div class=\"wp-block-column is-layout-flow wp-block-column-is-layout-flow\"><h3 class=\"wp-block-heading has-medium-font-size\" style=\"font-style:normal;font-weight:700\" id=\"engaging-international-followers\"><strong><strong>Internationale Follower ansprechen<\/strong><\/strong><\/h3>\n\n\n<p style=\"margin-top:var(--wp--preset--spacing--10);margin-bottom:var(--wp--preset--spacing--60)\">Gestalten Sie \u00fcberzeugende Social-Media-Beitr\u00e4ge, die auf ein globales Publikum ausgerichtet sind. \u00dcbersetzen Sie Ihre Markenbotschaften in mehrsprachige Inhalte, die weltweit Anklang finden. So werden die kulturellen Pr\u00e4ferenzen und Kommunikationsstile Ihrer Follower ber\u00fccksichtigt.<\/p>\n\n\n\n<div style=\"height:10px\" aria-hidden=\"true\" class=\"wp-block-spacer\"><\/div>\n\n\n<h3 class=\"wp-block-heading has-medium-font-size\" style=\"font-style:normal;font-weight:700\" id=\"broadening-global-connections\"><strong><strong><strong>Globale Verbindungen ausbauen<\/strong><\/strong><\/strong><\/h3>\n\n\n<p style=\"margin-top:var(--wp--preset--spacing--10);margin-bottom:0\">Maximieren Sie Ihre Wirkung in den sozialen Medien mit Content, der professionell angepasst wird, um Sprachbarrieren zu \u00fcberwinden. Mein Ansatz stellt sicher, dass die Stimme Ihrer Marke koh\u00e4rent, aber kulturell angepasst bleibt, um das Engagement zu erh\u00f6hen und eine loyale Community auf der ganzen Welt aufzubauen.<\/p>\n<\/div>\n<\/div>\n\n\n\n<div style=\"height:100px\" aria-hidden=\"true\" class=\"wp-block-spacer\"><\/div>\n\n\n\n<div class=\"wp-block-columns is-layout-flex wp-container-core-columns-is-layout-28f84493 wp-block-columns-is-layout-flex\">\n<div class=\"wp-block-column is-layout-flow wp-block-column-is-layout-flow\"><h2 class=\"wp-block-heading\" id=\"ai-editing\"><strong>KI-Lektorat<\/strong><\/h2>\n\n\n<figure class=\"wp-block-image size-large\"><img loading=\"lazy\" decoding=\"async\" width=\"1024\" height=\"586\" src=\"https:\/\/modilingua.com\/wp-content\/uploads\/2023\/07\/undraw_Chat_bot_re_e2gj-1024x586.png\" alt=\"Illustration von Undraw\" class=\"wp-image-1896\" srcset=\"\" sizes=\"auto, (max-width: 1024px) 100vw, 1024px\" data-srcset=\"\" \/><\/figure>\n<\/div>\n\n\n\n<div class=\"wp-block-column is-layout-flow wp-block-column-is-layout-flow\"><h3 class=\"wp-block-heading has-medium-font-size\" style=\"font-style:normal;font-weight:700\" id=\"enhancing-machine-translation\"><strong>Optimierung maschineller \u00dcbersetzungen<\/strong><\/h3>\n\n\n<p style=\"margin-top:var(--wp--preset--spacing--10);margin-bottom:var(--wp--preset--spacing--60)\">Nutzen Sie die Geschwindigkeit von KI und bewahren Sie gleichzeitig mit der Nachbearbeitung maschinell erstellter Texte die Genauigkeit und Nuanciertheit der menschlichen Sprache. Ich poliere KI-generierten Rohtext zu einem Endprodukt auf, das die Stimme Ihrer Marke tr\u00e4gt und Ihre Zielgruppe anspricht - ohne die geringste Spur eines Bots.<\/p>\n\n\n\n<div style=\"height:10px\" aria-hidden=\"true\" class=\"wp-block-spacer\"><\/div>\n\n\n<h3 class=\"wp-block-heading has-medium-font-size\" style=\"font-style:normal;font-weight:700\" id=\"harnessing-ai-potential\"><strong>Das Potenzial von KI aussch\u00f6pfen<\/strong><\/h3>\n\n\n<p style=\"margin-top:var(--wp--preset--spacing--10);margin-bottom:0\">Nutzen Sie das Beste aus zwei Welten: Maximieren Sie das Potenzial von KI-Inhalten, indem Sie ihnen durch KI-Lektorat eine einzigartige menschliche Note verleihen. Ihr Text wird nat\u00fcrlich klingen, Ihre Markenstimme wird sprechen und die beabsichtigte Botschaft pr\u00e4zise vermitteln.<\/p>\n<\/div>\n<\/div>\n\n\n\n<div style=\"height:100px\" aria-hidden=\"true\" class=\"wp-block-spacer\"><\/div>\n\n\n\n<div class=\"wp-block-columns is-layout-flex wp-container-core-columns-is-layout-28f84493 wp-block-columns-is-layout-flex\">\n<div class=\"wp-block-column is-layout-flow wp-block-column-is-layout-flow\"><h2 class=\"wp-block-heading\" id=\"copy-editing\"><strong>Fachlektorat<\/strong><\/h2>\n\n\n<figure class=\"wp-block-image size-full\"><img loading=\"lazy\" decoding=\"async\" width=\"972\" height=\"711\" src=\"https:\/\/modilingua.com\/wp-content\/uploads\/2023\/06\/undraw_writer_q06d.png\" alt=\"Illustration von Undraw\" class=\"wp-image-1526\" srcset=\"https:\/\/modilingua.com\/wp-content\/uploads\/2023\/06\/undraw_writer_q06d.png 972w, https:\/\/modilingua.com\/wp-content\/uploads\/2023\/06\/undraw_writer_q06d-300x219.png 300w, https:\/\/modilingua.com\/wp-content\/uploads\/2023\/06\/undraw_writer_q06d-768x562.png 768w\" sizes=\"auto, (max-width: 972px) 100vw, 972px\" \/><\/figure>\n<\/div>\n\n\n\n<div class=\"wp-block-column is-layout-flow wp-block-column-is-layout-flow\"><h3 class=\"wp-block-heading has-medium-font-size\" style=\"font-style:normal;font-weight:700\" id=\"amplifying-your-message\"><strong>Verst\u00e4rkung Ihrer Botschaft<\/strong><\/h3>\n\n\n<p style=\"margin-top:var(--wp--preset--spacing--10);margin-bottom:var(--wp--preset--spacing--60)\">Ihre Botschaft ist wichtig - stellen Sie sicher, dass sie richtig vermittelt wird. Ich verfeinere Ihre Web-, Print- und Benutzeroberfl\u00e4cheninhalte, um die allgemeine Klarheit, den Stil und den Fluss Ihres Textes zu verbessern und sicherzustellen, dass Ihre Botschaft von Ihren Endbenutzern nicht nur geh\u00f6rt, sondern auch verstanden und gesch\u00e4tzt wird.<\/p>\n\n\n\n<div style=\"height:10px\" aria-hidden=\"true\" class=\"wp-block-spacer\"><\/div>\n\n\n<h3 class=\"wp-block-heading has-medium-font-size translation-block\" style=\"font-style:normal;font-weight:700\" id=\"polishing-amp-perfecting-your-voice\">Polieren und Perfektionieren<\/h3>\n\n\n<p style=\"margin-top:var(--wp--preset--spacing--10);margin-bottom:0\">Ihr Text erstrahlt in einem nat\u00fcrlichen Fluss. Sorgf\u00e4ltiges Korrekturlesen durch einen professionellen Lektor stellt sicher, dass Ihr Inhalt nicht nur frei von Unstimmigkeiten, sondern auch koh\u00e4rent, ansprechend und perfekt auf Ihre Markenidentit\u00e4t abgestimmt ist.<\/p>\n<\/div>\n<\/div>\n\n\n\n<div style=\"height:100px\" aria-hidden=\"true\" class=\"wp-block-spacer\"><\/div>\n\n\n\n<div class=\"wp-block-columns is-layout-flex wp-container-core-columns-is-layout-28f84493 wp-block-columns-is-layout-flex\">\n<div class=\"wp-block-column is-layout-flow wp-block-column-is-layout-flow\"><h2 class=\"wp-block-heading translation-block\" id=\"editorial-seo\">Redaktionelles SEO<\/h2>\n\n\n<figure class=\"wp-block-image size-full\"><img loading=\"lazy\" decoding=\"async\" width=\"957\" height=\"843\" src=\"https:\/\/modilingua.com\/wp-content\/uploads\/2023\/07\/undraw_search_app_oso2.png\" alt=\"Illustration von Undraw\" class=\"wp-image-1781\" srcset=\"https:\/\/modilingua.com\/wp-content\/uploads\/2023\/07\/undraw_search_app_oso2.png 957w, https:\/\/modilingua.com\/wp-content\/uploads\/2023\/07\/undraw_search_app_oso2-300x264.png 300w, https:\/\/modilingua.com\/wp-content\/uploads\/2023\/07\/undraw_search_app_oso2-768x677.png 768w\" sizes=\"auto, (max-width: 957px) 100vw, 957px\" \/><\/figure>\n<\/div>\n\n\n\n<div class=\"wp-block-column is-layout-flow wp-block-column-is-layout-flow\"><h3 class=\"wp-block-heading has-medium-font-size\" style=\"font-style:normal;font-weight:700\" id=\"boosting-online-visibility\"><strong>Steigerung der Online-Sichtbarkeit<\/strong><\/h3>\n\n\n<p style=\"margin-top:var(--wp--preset--spacing--10);margin-bottom:var(--wp--preset--spacing--60)\">Erh\u00f6hen Sie Ihre Sichtbarkeit mit SEO-freundlichen Inhalten. Durch die Identifizierung und nat\u00fcrliche Integration relevanter Schl\u00fcsselw\u00f6rter und Phrasen in Ihre Inhalte zieht Ihre Website mehr organischen Traffic an und Ihre Inhalte werden von mehr Nutzern gesehen.<\/p>\n\n\n\n<div style=\"height:10px\" aria-hidden=\"true\" class=\"wp-block-spacer\"><\/div>\n\n\n<h3 class=\"wp-block-heading has-medium-font-size\" style=\"font-style:normal;font-weight:700\" id=\"attracting-and-engaging-your-audience\"><strong>Gewinnen und binden Sie Ihr Publikum<\/strong><\/h3>\n\n\n<p style=\"margin-top:var(--wp--preset--spacing--10);margin-bottom:0\">Fesseln Sie Ihr Publikum mit Inhalten, die auf dessen Interessen zugeschnitten und gleichzeitig f\u00fcr Suchmaschinen optimiert sind. Mit einer Kombination aus professionellem Lektorat und den besten SEO-Praktiken werden Ihre Texte so umgeschrieben, dass sie in den Suchergebnissen eine h\u00f6here Position einnehmen k\u00f6nnen und gleichzeitig bei Ihrem Publikum wirklich gut ankommen.<\/p>\n<\/div>\n<\/div>\n\n\n\n<div style=\"height:20px\" aria-hidden=\"true\" class=\"wp-block-spacer\"><\/div>\n\n\n\n<div class=\"wp-block-buttons is-content-justification-center is-layout-flex wp-container-core-buttons-is-layout-a89b3969 wp-block-buttons-is-layout-flex\">\n<div class=\"wp-block-button has-custom-width wp-block-button__width-50\"><a class=\"wp-block-button__link wp-element-button\" href=\"https:\/\/modilingua.com\/de\/leistungen\/\">Alle Leistungen \u2192<\/a><\/div>\n<\/div>\n\n\n\n<div style=\"height:100px\" aria-hidden=\"true\" class=\"wp-block-spacer\"><\/div>\n\n\n\n<div class=\"wp-block-group has-background-secondary-background-color has-background is-layout-constrained wp-container-core-group-is-layout-6c0cbf42 wp-block-group-is-layout-constrained\" style=\"border-radius:8px;padding-top:var(--wp--preset--spacing--70);padding-right:var(--wp--preset--spacing--70);padding-bottom:var(--wp--preset--spacing--70);padding-left:var(--wp--preset--spacing--70)\"><h2 class=\"wp-block-heading\" style=\"margin-top:0;margin-bottom:0\" id=\"take-your-content-to-the-next-level\">Bringen Sie Ihre Inhalte auf die n\u00e4chste Stufe.<\/h2>\n\n\n<p style=\"margin-top:var(--wp--preset--spacing--30);margin-bottom:var(--wp--preset--spacing--60);line-height:1.5\">Kontaktieren Sie mich noch heute, um ein kostenloses Erstgespr\u00e4ch f\u00fcr ein gr\u00f6\u00dferes redaktionelles Projekt zu vereinbaren oder ein unverbindliches Angebot f\u00fcr ein professionelles Inhalts- oder KI-Lektorat anzufordern. Ich freue mich darauf, von Ihnen zu h\u00f6ren.<\/p>\n\n\n\n<div class=\"wp-block-buttons is-layout-flex wp-block-buttons-is-layout-flex\">\n<div class=\"wp-block-button is-style-fill\"><a class=\"wp-block-button__link has-primary-color has-secondary-background-color has-text-color has-background wp-element-button\" href=\"https:\/\/modilingua.com\/de\/kontakt\/\">Kontakt aufnehmen \u2192<\/a><\/div>\n<\/div>\n<\/div>\n\n\n\n<div style=\"height:100px\" aria-hidden=\"true\" class=\"wp-block-spacer\"><\/div>","protected":false},"excerpt":{"rendered":"<p>Editorial &amp; Content Service Forget &#8216;content is king.&#8217; Growth takes off when content stops trying to speak to everyone and starts resonating with the right people, in the right context. While AI tools have their place, engaging your audience effectively and communicating your unique value takes human expertise. My editorial and content services deliver just [&hellip;]<\/p>\n","protected":false},"author":3,"featured_media":0,"parent":1348,"menu_order":0,"comment_status":"closed","ping_status":"closed","template":"","meta":{"_seopress_robots_primary_cat":"","_seopress_titles_title":"Editorial &amp; Content Service for Startups and SMBs","_seopress_titles_desc":"International content service for startups, marketing, SaaS and small businesses. Grow your reach with professional AI content copy editing and editorial SEO.","_seopress_robots_index":"","footnotes":""},"class_list":["post-1222","page","type-page","status-publish"],"_links":{"self":[{"href":"https:\/\/modilingua.com\/de\/wp-json\/wp\/v2\/pages\/1222","targetHints":{"allow":["GET"]}}],"collection":[{"href":"https:\/\/modilingua.com\/de\/wp-json\/wp\/v2\/pages"}],"about":[{"href":"https:\/\/modilingua.com\/de\/wp-json\/wp\/v2\/types\/page"}],"author":[{"embeddable":true,"href":"https:\/\/modilingua.com\/de\/wp-json\/wp\/v2\/users\/3"}],"replies":[{"embeddable":true,"href":"https:\/\/modilingua.com\/de\/wp-json\/wp\/v2\/comments?post=1222"}],"version-history":[{"count":5,"href":"https:\/\/modilingua.com\/de\/wp-json\/wp\/v2\/pages\/1222\/revisions"}],"predecessor-version":[{"id":7052,"href":"https:\/\/modilingua.com\/de\/wp-json\/wp\/v2\/pages\/1222\/revisions\/7052"}],"up":[{"embeddable":true,"href":"https:\/\/modilingua.com\/de\/wp-json\/wp\/v2\/pages\/1348"}],"wp:attachment":[{"href":"https:\/\/modilingua.com\/de\/wp-json\/wp\/v2\/media?parent=1222"}],"curies":[{"name":"wp","href":"https:\/\/api.w.org\/{rel}","templated":true}]}}