{"id":1126,"date":"2022-12-21T16:27:24","date_gmt":"2022-12-21T15:27:24","guid":{"rendered":"https:\/\/modilingua.com\/?page_id=1126"},"modified":"2026-03-18T09:41:20","modified_gmt":"2026-03-18T08:41:20","slug":"consulting","status":"publish","type":"page","link":"https:\/\/modilingua.com\/de\/leistungen\/beratung\/","title":{"rendered":"Beratung"},"content":{"rendered":"<div class=\"wp-block-columns are-vertically-aligned-bottom is-layout-flex wp-container-core-columns-is-layout-e477a36d wp-block-columns-is-layout-flex\" style=\"padding-bottom:var(--wp--preset--spacing--60)\">\n<div class=\"wp-block-column is-vertically-aligned-bottom is-layout-flow wp-block-column-is-layout-flow\"><h1 class=\"wp-block-heading\" style=\"line-height:1.3\" id=\"international-development-consulting\">Beratung und Management<\/h1>\n\n\n<div class=\"wp-block-buttons is-layout-flex wp-block-buttons-is-layout-flex\">\n<div class=\"wp-block-button\"><a class=\"wp-block-button__link has-primary-color has-secondary-background-color has-text-color has-background wp-element-button\" href=\"https:\/\/modilingua.com\/de\/kontakt\/\">Jetzt durchstarten -&gt;<\/a><\/div>\n<\/div>\n<\/div>\n\n\n\n<div class=\"wp-block-column is-vertically-aligned-bottom is-layout-flow wp-block-column-is-layout-flow\">\n<p>Effektiv \u00fcber Grenzen und Kulturen hinweg zu agieren, ist eine Kernherausforderung f\u00fcr jedes international t\u00e4tige Unternehmen. Wie stellen Sie sicher, dass dies auch effizient geschieht?<\/p>\n\n\n\n<p>Mit mehr als einem Jahrzehnt Erfahrung in der Leitung der internationalen Entwicklung eines der gr\u00f6\u00dften Social-Media-Netzwerke der Welt kann ich Ihnen helfen, Ihre Sprachoperationen auf den Weg zu bringen, kulturelle L\u00fccken zu schlie\u00dfen und Ihr Produkt f\u00fcr eine internationale Nutzerbasis zu \u00fcbersetzen.<\/p>\n\n\n\n<p>Warten Sie nicht, bis die Welt zu Ihnen kommt. Geben Sie Ihrer Marke eine internationale Stimme, die ankommt.<\/p>\n<\/div>\n<\/div>\n\n\n\n<figure class=\"wp-block-image aligncenter size-large\"><img loading=\"lazy\" decoding=\"async\" width=\"1024\" height=\"747\" src=\"https:\/\/modilingua.com\/wp-content\/uploads\/2023\/06\/undraw_connected_world_wuay-1024x747.png\" alt=\"Grafik: vernetzte Welt\" class=\"wp-image-1533\" srcset=\"\" sizes=\"auto, (max-width: 1024px) 100vw, 1024px\" data-srcset=\"\" \/><\/figure>\n\n\n\n<div style=\"height:100px\" aria-hidden=\"true\" class=\"wp-block-spacer\"><\/div>\n\n\n\n<div class=\"wp-block-group alignfull has-background-color has-primary-background-color has-text-color has-background is-layout-constrained wp-container-core-group-is-layout-c9bfb9eb wp-block-group-is-layout-constrained\" style=\"border-radius:8px;padding-top:var(--wp--preset--spacing--70);padding-right:var(--wp--preset--spacing--70);padding-bottom:var(--wp--preset--spacing--70);padding-left:var(--wp--preset--spacing--70)\">\n<div class=\"wp-block-columns is-layout-flex wp-container-core-columns-is-layout-28f84493 wp-block-columns-is-layout-flex\">\n<div class=\"wp-block-column is-layout-flow wp-block-column-is-layout-flow\"><h2 class=\"wp-block-heading has-background-color has-text-color has-extra-large-font-size\" id=\"gain-new-ground-with-confidence\">Mit Zuversicht neues Terrain erobern <\/h2><\/div>\n\n\n\n<div class=\"wp-block-column is-layout-flow wp-block-column-is-layout-flow\">\n<p>F\u00fcr Start-ups und KMU ist es ein mutiger Schritt, das internationale Parkett zu betreten. Eine Reise voller Chancen, aber auch Herausforderungen. Diese Stolpersteine k\u00f6nnen in Trittsteine zum Erfolg umgewandelt werden \u2013 mit einer ma\u00dfgeschneiderten Strategie, einem einfallsreichen Programmmanagement und einem tiefen Verst\u00e4ndnis der operativen Prozesse im \u00dcbersetzungsmanagement.<\/p>\n\n\n\n<p>Das Ziel meiner erstklassigen Beratungsleistungen ist es, den Wechsel Ihres Unternehmens auf die Weltb\u00fchne zu entmystifizieren. Ich vermittle Ihnen umsetzbare Erkenntnisse f\u00fcr die strategische Planung, ein effizientes Fremdsprachenmanagement und ein tiefes Verst\u00e4ndnis f\u00fcr den Sprachbetrieb, die Automatisierung sowie die optimale Zuweisung von Ressourcen.<\/p>\n\n\n\n<p>Ihr Weg zur Internationalit\u00e4t beginnt hier. <a href=\"https:\/\/modilingua.com\/de\/kontakt\/\" class=\"ek-link\">Kontaktieren Sie mich,<\/a> und lassen Sie uns gemeinsam diesen Weg beschreiten.<\/p>\n<\/div>\n<\/div>\n<\/div>\n\n\n\n<div style=\"height:100px\" aria-hidden=\"true\" class=\"wp-block-spacer\"><\/div>\n\n\n\n<div class=\"wp-block-columns is-layout-flex wp-container-core-columns-is-layout-28f84493 wp-block-columns-is-layout-flex\">\n<div class=\"wp-block-column is-layout-flow wp-block-column-is-layout-flow\"><h2 class=\"wp-block-heading translation-block\" id=\"localization-consulting\"><strong>Lokalisierungs-Beratung<\/strong><\/h2>\n\n\n<figure class=\"wp-block-image size-full\"><img loading=\"lazy\" decoding=\"async\" width=\"992\" height=\"716\" src=\"https:\/\/modilingua.com\/wp-content\/uploads\/2023\/08\/undraw_Teaching_re_g7e3.png\" alt=\"Illustration von Undraw\" class=\"wp-image-1938\" srcset=\"https:\/\/modilingua.com\/wp-content\/uploads\/2023\/08\/undraw_Teaching_re_g7e3.png 992w, https:\/\/modilingua.com\/wp-content\/uploads\/2023\/08\/undraw_Teaching_re_g7e3-300x217.png 300w, https:\/\/modilingua.com\/wp-content\/uploads\/2023\/08\/undraw_Teaching_re_g7e3-768x554.png 768w\" sizes=\"auto, (max-width: 992px) 100vw, 992px\" \/><\/figure>\n<\/div>\n\n\n\n<div class=\"wp-block-column is-layout-flow wp-block-column-is-layout-flow\"><h3 class=\"wp-block-heading has-medium-font-size\" style=\"font-style:normal;font-weight:700\" id=\"defining-your-localization-strategy\">Entwicklung Ihrer Lokalisierungsstrategie<\/h3>\n\n\n<p style=\"margin-top:var(--wp--preset--spacing--10);margin-bottom:var(--wp--preset--spacing--60)\">Die Lokalisierung ist ein komplexer Prozess, der viele Elemente umfasst: Sprache, Kultur, technische Anpassungen und vieles mehr. Ich unterst\u00fctze Sie bei der Entwicklung und Verfeinerung von Lokalisierungsstrategien, der Optimierung Ihres Programmmanagements und der kosteneffizienten Zuweisung von Ressourcen zur Steigerung der Effizienz.<\/p>\n\n\n\n<div style=\"height:10px\" aria-hidden=\"true\" class=\"wp-block-spacer\"><\/div>\n\n\n<h3 class=\"wp-block-heading has-medium-font-size\" style=\"font-style:normal;font-weight:700\" id=\"empowering-your-language-ops\">St\u00e4rkung des operativen \u00dcbersetzungsmanagements<\/h3>\n\n\n<p style=\"margin-top:var(--wp--preset--spacing--10);margin-bottom:0\">Optimieren Sie Ihre Lokalisierungsprozesse und ebnen Sie den Weg f\u00fcr mehr internationale Interaktion in neuen M\u00e4rkten. Mit einem Interim-Manager wird Ihr \u00dcbersetzungsteam auf Wachstum ausgerichtet und mit geringem Overhead verwaltet.<\/p>\n<\/div>\n<\/div>\n\n\n\n<div style=\"height:100px\" aria-hidden=\"true\" class=\"wp-block-spacer\"><\/div>\n\n\n\n<div class=\"wp-block-columns is-layout-flex wp-container-core-columns-is-layout-28f84493 wp-block-columns-is-layout-flex\">\n<div class=\"wp-block-column is-layout-flow wp-block-column-is-layout-flow\"><h2 class=\"wp-block-heading\" id=\"global-market-kickstart\"><strong>Internationaler Markteintritt<\/strong><\/h2>\n\n\n<figure class=\"wp-block-image size-full\"><img loading=\"lazy\" decoding=\"async\" width=\"938\" height=\"769\" src=\"https:\/\/modilingua.com\/wp-content\/uploads\/2023\/07\/undraw_real_time_analytics_re_yliv.png\" alt=\"Illustration von Undraw\" class=\"wp-image-1849\" srcset=\"https:\/\/modilingua.com\/wp-content\/uploads\/2023\/07\/undraw_real_time_analytics_re_yliv.png 938w, https:\/\/modilingua.com\/wp-content\/uploads\/2023\/07\/undraw_real_time_analytics_re_yliv-300x246.png 300w, https:\/\/modilingua.com\/wp-content\/uploads\/2023\/07\/undraw_real_time_analytics_re_yliv-768x630.png 768w\" sizes=\"auto, (max-width: 938px) 100vw, 938px\" \/><\/figure>\n<\/div>\n\n\n\n<div class=\"wp-block-column is-layout-flow wp-block-column-is-layout-flow\"><h3 class=\"wp-block-heading has-medium-font-size\" style=\"font-style:normal;font-weight:700\" id=\"informing-your-market-expansion\">Datengest\u00fctzte Markterschlie\u00dfung<\/h3>\n\n\n<p style=\"margin-top:var(--wp--preset--spacing--10);margin-bottom:var(--wp--preset--spacing--60)\">Der Schritt in neue M\u00e4rkte erfordert fundierte Entscheidungen. Mit umfassender Marktforschung f\u00fchre ich Ihr Business sicher durch unbekanntes Terrain und helfe Ihnen, Wachstumschancen zu identifizieren.<\/p>\n\n\n\n<div style=\"height:10px\" aria-hidden=\"true\" class=\"wp-block-spacer\"><\/div>\n\n\n<h3 class=\"wp-block-heading has-medium-font-size\" style=\"font-style:normal;font-weight:700\" id=\"leading-international-product-development\">Leitung internationaler Produktentwicklung<\/h3>\n\n\n<p style=\"margin-top:var(--wp--preset--spacing--10);margin-bottom:0\">Die Steuerung Ihres Gesch\u00e4fts vom lokalen zum globalen Markt kann eine schwierige Aufgabe sein, besonders wenn Produkte f\u00fcr verschiedene M\u00e4rkte angepasst werden m\u00fcssen. Ich integriere mich zeitweise in Ihr Team, um eine Roadmap f\u00fcr die internationale Produktentwicklung zu erstellen, Risiken zu minimieren und einen reibungslosen \u00dcbergang zu gew\u00e4hrleisten.<\/p>\n<\/div>\n<\/div>\n\n\n\n<div style=\"height:100px\" aria-hidden=\"true\" class=\"wp-block-spacer\"><\/div>\n\n\n\n<div class=\"wp-block-columns is-layout-flex wp-container-core-columns-is-layout-28f84493 wp-block-columns-is-layout-flex\">\n<div class=\"wp-block-column is-layout-flow wp-block-column-is-layout-flow\"><h2 class=\"wp-block-heading\" id=\"culturalization\"><strong>Kulturalisierung<\/strong><\/h2>\n\n\n<figure class=\"wp-block-image size-large\"><img loading=\"lazy\" decoding=\"async\" width=\"1024\" height=\"695\" src=\"https:\/\/modilingua.com\/wp-content\/uploads\/2023\/08\/undraw_robotics_kep0-1024x695.png\" alt=\"Illustration von Undraw\" class=\"wp-image-1931\" srcset=\"\" sizes=\"auto, (max-width: 1024px) 100vw, 1024px\" data-srcset=\"\" \/><\/figure>\n<\/div>\n\n\n\n<div class=\"wp-block-column is-layout-flow wp-block-column-is-layout-flow\"><h3 class=\"wp-block-heading has-medium-font-size\" style=\"font-style:normal;font-weight:700\" id=\"bridging-cultural-disparities\">\u00dcberwindung kultureller Unterschiede<\/h3>\n\n\n<p style=\"margin-top:var(--wp--preset--spacing--10);margin-bottom:var(--wp--preset--spacing--60)\">Damit Ihre Produkte oder Botschaften im Ausland ankommen, m\u00fcssen sie angepasst werden. Dazu geh\u00f6rt, kulturelle Feinheiten zu verstehen und zu respektieren. Die Kulturberatung hilft Ihnen, sich an die kulturellen Erwartungen Ihres Zielmarktes anzupassen, um das Engagement der Nutzer und die Wertsch\u00e4tzung Ihrer Marke zu steigern.<\/p>\n\n\n\n<div style=\"height:10px\" aria-hidden=\"true\" class=\"wp-block-spacer\"><\/div>\n\n\n<h3 class=\"wp-block-heading has-medium-font-size\" style=\"font-style:normal;font-weight:700\" id=\"promoting-local-relevance\">F\u00f6rderung lokaler Relevanz<\/h3>\n\n\n<p style=\"margin-top:var(--wp--preset--spacing--10);margin-bottom:0\">Interkulturelles Verst\u00e4ndnis bedeutet, auf kultureller Ebene eine Verbindung zum Publikum herzustellen. Ich biete ethnologische Unterst\u00fctzung, um Ihre Inhalte, Produkte und Dienstleistungen kulturell angemessen zu gestalten und so die Bindung Ihrer Marke an internationale Zielgruppen zu st\u00e4rken.<\/p>\n<\/div>\n<\/div>\n\n\n\n<div style=\"height:100px\" aria-hidden=\"true\" class=\"wp-block-spacer\"><\/div>\n\n\n\n<div class=\"wp-block-columns is-layout-flex wp-container-core-columns-is-layout-28f84493 wp-block-columns-is-layout-flex\">\n<div class=\"wp-block-column is-layout-flow wp-block-column-is-layout-flow\"><h2 class=\"wp-block-heading\" id=\"multilingual-socials\"><strong>Mehrsprachige Social-Media-Strategie <\/strong><\/h2>\n\n\n<figure class=\"wp-block-image size-large\"><img loading=\"lazy\" decoding=\"async\" width=\"1024\" height=\"770\" src=\"https:\/\/modilingua.com\/wp-content\/uploads\/2023\/06\/undraw_Social_expert_re_elbp-1024x770.png\" alt=\"Illustration von Undraw\" class=\"wp-image-1507\" srcset=\"\" sizes=\"auto, (max-width: 1024px) 100vw, 1024px\" data-srcset=\"\" \/><\/figure>\n<\/div>\n\n\n\n<div class=\"wp-block-column is-layout-flow wp-block-column-is-layout-flow\"><h3 class=\"wp-block-heading has-medium-font-size\" style=\"font-style:normal;font-weight:700\" id=\"creating-global-engagement\">Globales Engagement gestalten<\/h3>\n\n\n<p style=\"margin-top:var(--wp--preset--spacing--10);margin-bottom:var(--wp--preset--spacing--60)\">Eine differenzierte Social-Media-Strategie \u00fcberwindet Sprachbarrieren und f\u00f6rdert das Engagement auf internationalen M\u00e4rkten. Ich helfe Ihnen, einen umfassenden und validierten Content-Plan zu erstellen, um Ihre soziale Pr\u00e4senz in verschiedenen Kulturkreisen zu optimieren.<\/p>\n\n\n\n<div style=\"height:10px\" aria-hidden=\"true\" class=\"wp-block-spacer\"><\/div>\n\n\n<h3 class=\"wp-block-heading has-medium-font-size\" style=\"font-style:normal;font-weight:700\" id=\"adapting-to-market-dynamics\">Anpassung an die Marktdynamik<\/h3>\n\n\n<p style=\"margin-top:var(--wp--preset--spacing--10);margin-bottom:0\">Die Komplexit\u00e4t der sozialen Netzwerke l\u00e4sst sich mit Strategien bew\u00e4ltigen, die auf die einzigartigen Bed\u00fcrfnisse der verschiedenen M\u00e4rkte zugeschnitten sind. Auf der Grundlage detaillierter Recherchen zu regionalen Nutzungsmustern und Vorlieben entwickle ich Content-Pl\u00e4ne, die die Sichtbarkeit und das Engagement Ihrer Marke erh\u00f6hen und Ihnen helfen, Ihre Social-Media-Pr\u00e4senz effektiv zu positionieren.<\/p>\n<\/div>\n<\/div>\n\n\n\n<div style=\"height:20px\" aria-hidden=\"true\" class=\"wp-block-spacer\"><\/div>\n\n\n\n<div class=\"wp-block-buttons is-content-justification-center is-layout-flex wp-container-core-buttons-is-layout-a89b3969 wp-block-buttons-is-layout-flex\">\n<div class=\"wp-block-button has-custom-width wp-block-button__width-50\"><a class=\"wp-block-button__link wp-element-button\" href=\"https:\/\/modilingua.com\/de\/leistungen\/\">Alle Leistungen \u2192<\/a><\/div>\n<\/div>\n\n\n\n<div style=\"height:100px\" aria-hidden=\"true\" class=\"wp-block-spacer\"><\/div>\n\n\n\n<div class=\"wp-block-group has-background-secondary-background-color has-background is-layout-constrained wp-container-core-group-is-layout-6c0cbf42 wp-block-group-is-layout-constrained\" style=\"border-radius:8px;padding-top:var(--wp--preset--spacing--70);padding-right:var(--wp--preset--spacing--70);padding-bottom:var(--wp--preset--spacing--70);padding-left:var(--wp--preset--spacing--70)\"><h2 class=\"wp-block-heading\" style=\"margin-top:0;margin-bottom:0\" id=\"lets-partner-and-grow-together\">Lassen Sie uns zusammenarbeiten.<\/h2>\n\n\n<p style=\"margin-top:var(--wp--preset--spacing--30);margin-bottom:var(--wp--preset--spacing--60);line-height:1.5\">Nehmen Sie Kontakt auf, um ein kostenloses Erstgespr\u00e4ch zu vereinbaren, oder senden Sie mir eine Nachricht, wenn Sie besondere Projekte haben, die Sie angehen m\u00f6chten. Ich freue mich darauf, von Ihnen und Ihrem Vorhaben zu h\u00f6ren!<\/p>\n\n\n\n<div class=\"wp-block-buttons is-layout-flex wp-block-buttons-is-layout-flex\">\n<div class=\"wp-block-button is-style-fill\"><a class=\"wp-block-button__link has-primary-color has-secondary-background-color has-text-color has-background wp-element-button\" href=\"https:\/\/modilingua.com\/de\/kontakt\/\">Kontakt aufnehmen \u2192<\/a><\/div>\n<\/div>\n<\/div>\n\n\n\n<div style=\"height:100px\" aria-hidden=\"true\" class=\"wp-block-spacer\"><\/div>","protected":false},"excerpt":{"rendered":"<p>International Development Consulting Your business needs to transcend borders and cultures in today&#8217;s market. But, how do you do that effectively and efficiently? With over a decade of experience driving the international development of one of the world&#8217;s largest social media networks, I help you get your language operations off the ground, bridge cultural gaps, [&hellip;]<\/p>\n","protected":false},"author":3,"featured_media":0,"parent":1348,"menu_order":0,"comment_status":"closed","ping_status":"closed","template":"","meta":{"_seopress_robots_primary_cat":"","_seopress_titles_title":"Localization &amp; International Development Consulting","_seopress_titles_desc":"Language operations, international development consulting, localization and culturalization for startups and growing businesses. Bring your brand to the world!","_seopress_robots_index":"","footnotes":""},"class_list":["post-1126","page","type-page","status-publish"],"_links":{"self":[{"href":"https:\/\/modilingua.com\/de\/wp-json\/wp\/v2\/pages\/1126","targetHints":{"allow":["GET"]}}],"collection":[{"href":"https:\/\/modilingua.com\/de\/wp-json\/wp\/v2\/pages"}],"about":[{"href":"https:\/\/modilingua.com\/de\/wp-json\/wp\/v2\/types\/page"}],"author":[{"embeddable":true,"href":"https:\/\/modilingua.com\/de\/wp-json\/wp\/v2\/users\/3"}],"replies":[{"embeddable":true,"href":"https:\/\/modilingua.com\/de\/wp-json\/wp\/v2\/comments?post=1126"}],"version-history":[{"count":4,"href":"https:\/\/modilingua.com\/de\/wp-json\/wp\/v2\/pages\/1126\/revisions"}],"predecessor-version":[{"id":14615,"href":"https:\/\/modilingua.com\/de\/wp-json\/wp\/v2\/pages\/1126\/revisions\/14615"}],"up":[{"embeddable":true,"href":"https:\/\/modilingua.com\/de\/wp-json\/wp\/v2\/pages\/1348"}],"wp:attachment":[{"href":"https:\/\/modilingua.com\/de\/wp-json\/wp\/v2\/media?parent=1126"}],"curies":[{"name":"wp","href":"https:\/\/api.w.org\/{rel}","templated":true}]}}